{"id":899,"date":"2026-02-22T11:05:50","date_gmt":"2026-02-22T10:05:50","guid":{"rendered":"http:\/\/sashegyi.hu\/?page_id=899"},"modified":"2026-02-22T11:50:06","modified_gmt":"2026-02-22T10:50:06","slug":"hasznos-linkek","status":"publish","type":"page","link":"http:\/\/sashegyi.hu\/?page_id=899","title":{"rendered":"Hasznos linkek &#8211; Erasmus+"},"content":{"rendered":"\n<p>Az <strong>ORS fel\u00fclet<\/strong> Szervezeteim\/Int\u00e9zm\u00e9nyeim men\u00fcpontj\u00e1nak el\u00e9rhet\u0151s\u00e9ge (ide bel\u00e9pve tal\u00e1lhat\u00f3 meg a saj\u00e1t p\u00e1ly\u00e1zatunk!):<\/p>\n\n\n\n<p><a href=\"https:\/\/webgate.ec.europa.eu\/erasmus-esc\/home\/organisations\/my-organisations\">https:\/\/webgate.ec.europa.eu\/erasmus-esc\/home\/organisations\/my-organisations<\/a><\/p>\n\n\n\n<h3 class=\"wp-block-heading\"><strong>EuLogin regisztr\u00e1ci\u00f3<\/strong>:<\/h3>\n\n\n\n<ul class=\"wp-block-list\">\n<li><a href=\"https:\/\/webgate.ec.europa.eu\/cas\/eim\/external\/register.cgi\">https:\/\/webgate.ec.europa.eu\/cas\/eim\/external\/register.cgi<\/a><\/li>\n\n\n\n<li><a href=\"https:\/\/erasmusplusz.hu\/eu_login_ketlepcsos_utmutato.pdf\">https:\/\/erasmusplusz.hu\/eu_login_ketlepcsos_utmutato.pdf<\/a><\/li>\n<\/ul>\n\n\n\n<h3 class=\"wp-block-heading\"><strong>Partnerkeres\u0151<\/strong>:<\/h3>\n\n\n\n<ul class=\"wp-block-list\">\n<li><a href=\"https:\/\/erasmusplusz.hu\/palyazati-partnerkereses\">https:\/\/erasmusplusz.hu\/palyazati-partnerkereses<\/a><\/li>\n<\/ul>\n\n\n\n<h3 class=\"wp-block-heading\"><strong>ESEP<\/strong><\/h3>\n\n\n\n<ul class=\"wp-block-list\">\n<li><a href=\"https:\/\/school-education.ec.europa.eu\/en\">https:\/\/school-education.ec.europa.eu\/en<\/a><\/li>\n\n\n\n<li><a href=\"https:\/\/school-education.ec.europa.eu\/en\/networking\/partner-finding\">https:\/\/school-education.ec.europa.eu\/en\/networking\/partner-finding<\/a><\/li>\n\n\n\n<li><a href=\"https:\/\/salto-et.net\/\">https:\/\/salto-et.net\/<\/a><\/li>\n\n\n\n<li><a href=\"https:\/\/erasmus-plus.ec.europa.eu\/projects\">https:\/\/erasmus-plus.ec.europa.eu\/projects<\/a><\/li>\n\n\n\n<li><a href=\"https:\/\/school-education.ec.europa.eu\/en\/connect\/partner-search?field_erasmus_type%5B%5D=partners_mobility_activities&amp;type=erasmus_mobility&amp;quick_filter_active=1\">https:\/\/school-education.ec.europa.eu\/en\/connect\/partner-search<\/a><\/li>\n<\/ul>\n\n\n\n<h3 class=\"wp-block-heading\"><strong>Disszemin\u00e1ci\u00f3:<\/strong><\/h3>\n\n\n\n<ul class=\"wp-block-list\">\n<li><a href=\"https:\/\/erasmusplusz.hu\/disszeminacio-az-erasmus-programban\">https:\/\/erasmusplusz.hu\/disszeminacio-az-erasmus-programban<\/a><\/li>\n<\/ul>\n\n\n\n<figure class=\"wp-block-embed is-type-video is-provider-youtube wp-block-embed-youtube wp-embed-aspect-16-9 wp-has-aspect-ratio\"><div class=\"wp-block-embed__wrapper\">\n<iframe loading=\"lazy\" title=\"HU_unser Lehrraum in Ny\u00edregyh\u00e1za\" width=\"500\" height=\"281\" src=\"https:\/\/www.youtube.com\/embed\/mkM04GMS8Yo?feature=oembed\" frameborder=\"0\" allow=\"accelerometer; autoplay; clipboard-write; encrypted-media; gyroscope; picture-in-picture; web-share\" referrerpolicy=\"strict-origin-when-cross-origin\" allowfullscreen><\/iframe>\n<\/div><\/figure>\n\n\n\n<h3 class=\"wp-block-heading\"><strong>TEA<\/strong><\/h3>\n\n\n\n<ul class=\"wp-block-list\">\n<li><a href=\"https:\/\/tpf.hu\/hir\/19174\/tea-szemlelet-a-szektorokon-ativelo-kozos-nyelv\">https:\/\/tpf.hu\/hir\/19174\/tea-szemlelet-a-szektorokon-ativelo-kozos-nyelv<\/a><\/li>\n\n\n\n<li><a href=\"https:\/\/www.magyarkepesites.hu\/hirek\/tea_szemlelet\">https:\/\/www.magyarkepesites.hu\/hirek\/tea_szemlelet<\/a><\/li>\n<\/ul>\n\n\n\n<figure class=\"wp-block-embed is-type-video is-provider-youtube wp-block-embed-youtube wp-embed-aspect-16-9 wp-has-aspect-ratio\"><div class=\"wp-block-embed__wrapper\">\n<iframe loading=\"lazy\" title=\"Tanul\u00e1si eredm\u00e9nyekr\u0151l tan\u00e1roknak\" width=\"500\" height=\"281\" src=\"https:\/\/www.youtube.com\/embed\/WWE_7vGSrTg?feature=oembed\" frameborder=\"0\" allow=\"accelerometer; autoplay; clipboard-write; encrypted-media; gyroscope; picture-in-picture; web-share\" referrerpolicy=\"strict-origin-when-cross-origin\" allowfullscreen><\/iframe>\n<\/div><\/figure>\n\n\n\n<h3 class=\"wp-block-heading\"><strong>HASZNOS ANYAGOK:<\/strong><\/h3>\n\n\n\n<ul class=\"wp-block-list\">\n<li><a href=\"https:\/\/erasmusplusz.hu\/hasznos_anyagok_koznevelesi_palyazatok_benyujtasahoz?\">https:\/\/erasmusplusz.hu\/hasznos_anyagok_koznevelesi_palyazatok_benyujtasahoz?<\/a><\/li>\n\n\n\n<li><a href=\"https:\/\/erasmusplusz.hu\/hasznos_anyagok_koznevelesi_palyazatok_benyujtasahoz\/beszamolok-tanulsagai-palyazatiroknak-erasmus-kozneveles\">https:\/\/erasmusplusz.hu\/hasznos_anyagok_koznevelesi_palyazatok_benyujtasahoz\/beszamolok-tanulsagai-palyazatiroknak-erasmus-kozneveles<\/a><\/li>\n\n\n\n<li><a href=\"https:\/\/erasmusplusz.hu\/hasznos_anyagok_koznevelesi_palyazatok_benyujtasahoz\/top-10-tipp-a-nyertes-erasmus-projekthez\">https:\/\/erasmusplusz.hu\/hasznos_anyagok_koznevelesi_palyazatok_benyujtasahoz\/top-10-tipp-a-nyertes-erasmus-projekthez<\/a><\/li>\n\n\n\n<li><a href=\"https:\/\/erasmusplusz.hu\/dokumentumok_tamogatott_palyazoknak_a_koznevelesi_szektorban?\">https:\/\/erasmusplusz.hu\/dokumentumok_tamogatott_palyazoknak_a_koznevelesi_szektorban?<\/a><\/li>\n\n\n\n<li><a href=\"https:\/\/erasmusplusz.hu\/palyazatiro_kalauz_ka122sch_2025.pdf\">https:\/\/erasmusplusz.hu\/palyazatiro_kalauz_ka122sch_2025.pdf<\/a><\/li>\n\n\n\n<li><a href=\"https:\/\/erasmus-plus.ec.europa.eu\/erasmus-programme-guide\">https:\/\/erasmus-plus.ec.europa.eu\/erasmus-programme-guide<\/a><\/li>\n\n\n\n<li><a href=\"https:\/\/tka.hu\/docs\/palyazatok\/meres_utmutatok_2020_final_web_final.pdf\">https:\/\/tka.hu\/docs\/palyazatok\/meres_utmutatok_2020_final_web_final.pdf<\/a><\/li>\n\n\n\n<li><a href=\"https:\/\/erasmusplusz.hu\/hasznos_anyagok_koznevelesi_palyazatok_benyujtasahoz\/az-etwinning-projektmegvalositast-tamogato-felulete\">https:\/\/erasmusplusz.hu\/hasznos_anyagok_koznevelesi_palyazatok_benyujtasahoz\/az-etwinning-projektmegvalositast-tamogato-felulete<\/a><\/li>\n<\/ul>\n\n\n\n<h3 class=\"wp-block-heading\"><strong>Impact+ Tool &#8211; hat\u00e1sm\u00e9r\u00e9s az Erasmus+ projekt megval\u00f3s\u00edt\u00e1s\u00e1hoz<\/strong><\/h3>\n\n\n\n<ul class=\"wp-block-list\">\n<li><a href=\"https:\/\/erasmusplusz.hu\/hasznos_anyagok_felnott_tanulasi_palyazatok_benyujtasahoz\/impact-tool-hatasmeres-tervezese-az-erasmus-projektekben\">https:\/\/erasmusplusz.hu\/hasznos_anyagok_felnott_tanulasi_palyazatok_benyujtasahoz\/impact-tool-hatasmeres-tervezese-az-erasmus-projektekben<\/a><\/li>\n<\/ul>\n\n\n\n<h3 class=\"wp-block-heading\"><strong>Disszemin\u00e1ci\u00f3s Platform:<\/strong><\/h3>\n\n\n\n<ul class=\"wp-block-list\">\n<li><a href=\"https:\/\/tka.hu\/docs\/palyazatok\/eprp_eloadas1805101332.pdf\">https:\/\/tka.hu\/docs\/palyazatok\/eprp_eloadas1805101332.pdf<\/a><\/li>\n\n\n\n<li><a href=\"https:\/\/erasmus-plus.ec.europa.eu\/projects\">https:\/\/erasmus-plus.ec.europa.eu\/projects<\/a><\/li>\n\n\n\n<li><a href=\"https:\/\/erasmus-plus.ec.europa.eu\/projects\/search\/?page=1&amp;sort=&amp;domain=eplus2021&amp;view=list&amp;map=false&amp;searchType=projects\">https:\/\/erasmus-plus.ec.europa.eu\/projects\/search\/?page=1&amp;sort=&amp;domain=eplus2021&amp;view=list&amp;map=false&amp;searchType=projects<\/a><\/li>\n\n\n\n<li><a href=\"https:\/\/atanulasjovoje.hu\">https:\/\/atanulasjovoje.hu<\/a><\/li>\n\n\n\n<li><a href=\"https:\/\/atanulasjovoje.hu\/kiadvanyok_pedagogusoknak_es_oktatoknak\/nemzetkoziesites-lepesrol-lepesre\">https:\/\/atanulasjovoje.hu\/kiadvanyok_pedagogusoknak_es_oktatoknak\/nemzetkoziesites-lepesrol-lepesre<\/a><\/li>\n\n\n\n<li><a href=\"https:\/\/atanulasjovoje.hu\/nemzetkoziesites_lepesrol_lepesre_kezikonyv.pdf\">https:\/\/atanulasjovoje.hu\/nemzetkoziesites_lepesrol_lepesre_kezikonyv.pdf<\/a><\/li>\n\n\n\n<li><a href=\"https:\/\/atanulasjovoje.hu\/megjelent-a-nemzetkoziesites-lepesrol-lepesre-kiadvany\">https:\/\/atanulasjovoje.hu\/megjelent-a-nemzetkoziesites-lepesrol-lepesre-kiadvany<\/a><\/li>\n\n\n\n<li><a href=\"https:\/\/atanulasjovoje.hu\/a_modszertani_otlettarrol\">https:\/\/atanulasjovoje.hu\/a_modszertani_otlettarrol<\/a><\/li>\n\n\n\n<li><a href=\"https:\/\/tka.hu\/hir\/19180\/a-fiatalok-kerdezhettek-a-kepviseloket-a-14-parlamenti-ifjusagi-napon\">https:\/\/tka.hu\/hir\/19180\/a-fiatalok-kerdezhettek-a-kepviseloket-a-14-parlamenti-ifjusagi-napon<\/a><\/li>\n\n\n\n<li><a href=\"https:\/\/europass.hu\">https:\/\/europass.hu<\/a><\/li>\n\n\n\n<li><a href=\"https:\/\/europass.hu\/europass\/services\/4\">https:\/\/europass.hu\/europass\/services\/4<\/a><\/li>\n\n\n\n<li><a href=\"https:\/\/europass.hu\/europass\/docs\/1\">https:\/\/europass.hu\/europass\/docs\/1<\/a><\/li>\n\n\n\n<li><a href=\"https:\/\/europass.hu\/europass\/docs\/2\">https:\/\/europass.hu\/europass\/docs\/2<\/a><\/li>\n<\/ul>\n\n\n\n<h3 class=\"wp-block-heading\">ERASMUS+<\/h3>\n\n\n\n<p><a href=\"https:\/\/erasmusplusz.hu\/dokumentumok_palyazatok_benyujtasahoz_a_koznevelesi_szektorban?\">https:\/\/erasmusplusz.hu\/dokumentumok_palyazatok_benyujtasahoz_a_koznevelesi_szektorban?<\/a><\/p>\n\n\n\n<p><a href=\"https:\/\/tka.hu\/hir\/19096\/jol-vagyok-hogy-jo-legyen---a-mentalis-egeszseg-szerepe-az-erasmus-programokban\">https:\/\/tka.hu\/hir\/19096\/jol-vagyok-hogy-jo-legyen&#8212;a-mentalis-egeszseg-szerepe-az-erasmus-programokban<\/a><\/p>\n\n\n\n<h3 class=\"wp-block-heading\">A 4 ALAPELV:<\/h3>\n\n\n\n<ul class=\"wp-block-list\">\n<li><a href=\"https:\/\/erasmusplusz.hu\/erasmusplusz_kornyezettudatossag\">https:\/\/erasmusplusz.hu\/erasmusplusz_kornyezettudatossag<\/a><\/li>\n\n\n\n<li><a href=\"https:\/\/erasmusplusz.hu\/erasmusplusz_digitalizacio\">https:\/\/erasmusplusz.hu\/erasmusplusz_digitalizacio<\/a><\/li>\n\n\n\n<li><a href=\"https:\/\/erasmusplusz.hu\/erasmusplusz_aktiv_tarsadalmi_reszvetel\">https:\/\/erasmusplusz.hu\/erasmusplusz_aktiv_tarsadalmi_reszvetel<\/a><\/li>\n\n\n\n<li><a href=\"https:\/\/erasmusplusz.hu\/erasmusplusz_tarsadalmi_befogadas\">https:\/\/erasmusplusz.hu\/erasmusplusz_tarsadalmi_befogadas<\/a><\/li>\n\n\n\n<li><a href=\"https:\/\/erasmusplusz.hu\/befogadas-es-sokszinuseg-strategia-kiadvany.pdf\">https:\/\/erasmusplusz.hu\/befogadas-es-sokszinuseg-strategia-kiadvany.pdf<\/a><\/li>\n\n\n\n<li><a href=\"https:\/\/erasmusplusz.hu\/unlock_the_power_of_priorities_kiadvany.pdf\">https:\/\/erasmusplusz.hu\/unlock_the_power_of_priorities_kiadvany.pdf<\/a><\/li>\n\n\n\n<li><a href=\"https:\/\/erasmusplusz.hu\/erasmusplusz_kozneveles\">https:\/\/erasmusplusz.hu\/erasmusplusz_kozneveles<\/a><\/li>\n\n\n\n<li><a href=\"https:\/\/erasmusplusz.hu\/palyazati-partnerkereses\">https:\/\/erasmusplusz.hu\/palyazati-partnerkereses<\/a><\/li>\n\n\n\n<li><a href=\"https:\/\/erasmus-plus.ec.europa.eu\/projects\/search\/?page=1&amp;sort=&amp;domain=eplus2021&amp;view=list&amp;map=false&amp;searchType=projects\">https:\/\/erasmus-plus.ec.europa.eu\/projects\/search\/?page=1&amp;sort=&amp;domain=eplus2021&amp;view=list&amp;map=false&amp;searchType=projects<\/a>&nbsp;<\/li>\n<\/ul>\n\n\n\n<h3 class=\"wp-block-heading\"><strong>PROJEKTMENEDZSMENT K\u00c9ZIK\u00d6NYV 30.o.<\/strong><\/h3>\n\n\n\n<ul class=\"wp-block-list\">\n<li>Erasmus+ honlap: <a href=\"https:\/\/erasmusplusz.hu\/\">https:\/\/erasmusplusz.hu\/<\/a><\/li>\n\n\n\n<li>A tanul\u00e1s j\u00f6v\u0151je honlap: <a href=\"https:\/\/atanulasjovoje.hu\/\">https:\/\/atanulasjovoje.hu\/<\/a><\/li>\n<\/ul>\n","protected":false},"excerpt":{"rendered":"<p>Az ORS fel\u00fclet Szervezeteim\/Int\u00e9zm\u00e9nyeim men\u00fcpontj\u00e1nak el\u00e9rhet\u0151s\u00e9ge (ide bel\u00e9pve tal\u00e1lhat\u00f3 meg a saj\u00e1t p\u00e1ly\u00e1zatunk!): https:\/\/webgate.ec.europa.eu\/erasmus-esc\/home\/organisations\/my-organisations EuLogin regisztr\u00e1ci\u00f3: Partnerkeres\u0151: ESEP Disszemin\u00e1ci\u00f3: TEA HASZNOS ANYAGOK: Impact+ Tool &#8211; hat\u00e1sm\u00e9r\u00e9s az Erasmus+ projekt megval\u00f3s\u00edt\u00e1s\u00e1hoz Disszemin\u00e1ci\u00f3s Platform: ERASMUS+ https:\/\/erasmusplusz.hu\/dokumentumok_palyazatok_benyujtasahoz_a_koznevelesi_szektorban? https:\/\/tka.hu\/hir\/19096\/jol-vagyok-hogy-jo-legyen&#8212;a-mentalis-egeszseg-szerepe-az-erasmus-programokban A 4 ALAPELV: PROJEKTMENEDZSMENT K\u00c9ZIK\u00d6NYV 30.o.<\/p>\n","protected":false},"author":2,"featured_media":0,"parent":0,"menu_order":0,"comment_status":"closed","ping_status":"closed","template":"","meta":{"footnotes":""},"class_list":["post-899","page","type-page","status-publish","hentry"],"_links":{"self":[{"href":"http:\/\/sashegyi.hu\/index.php?rest_route=\/wp\/v2\/pages\/899","targetHints":{"allow":["GET"]}}],"collection":[{"href":"http:\/\/sashegyi.hu\/index.php?rest_route=\/wp\/v2\/pages"}],"about":[{"href":"http:\/\/sashegyi.hu\/index.php?rest_route=\/wp\/v2\/types\/page"}],"author":[{"embeddable":true,"href":"http:\/\/sashegyi.hu\/index.php?rest_route=\/wp\/v2\/users\/2"}],"replies":[{"embeddable":true,"href":"http:\/\/sashegyi.hu\/index.php?rest_route=%2Fwp%2Fv2%2Fcomments&post=899"}],"version-history":[{"count":3,"href":"http:\/\/sashegyi.hu\/index.php?rest_route=\/wp\/v2\/pages\/899\/revisions"}],"predecessor-version":[{"id":913,"href":"http:\/\/sashegyi.hu\/index.php?rest_route=\/wp\/v2\/pages\/899\/revisions\/913"}],"wp:attachment":[{"href":"http:\/\/sashegyi.hu\/index.php?rest_route=%2Fwp%2Fv2%2Fmedia&parent=899"}],"curies":[{"name":"wp","href":"https:\/\/api.w.org\/{rel}","templated":true}]}}