{"id":880,"date":"2026-02-13T17:29:44","date_gmt":"2026-02-13T16:29:44","guid":{"rendered":"http:\/\/sashegyi.hu\/?page_id=880"},"modified":"2026-02-13T17:35:38","modified_gmt":"2026-02-13T16:35:38","slug":"hittan","status":"publish","type":"page","link":"http:\/\/sashegyi.hu\/?page_id=880","title":{"rendered":"Hittan"},"content":{"rendered":"\n<div class=\"wp-block-file\"><a id=\"wp-block-file--media-42502214-d21a-4e67-afb8-c917e529b254\" href=\"http:\/\/sashegyi.hu\/wp-content\/uploads\/2026\/02\/Hittan_tajekoztato_2026.pdf\">Evang\u00e9likus Hittan T\u00e1j\u00e9koztat\u00f3 (2026)<\/a><a href=\"http:\/\/sashegyi.hu\/wp-content\/uploads\/2026\/02\/Hittan_tajekoztato_2026.pdf\" class=\"wp-block-file__button wp-element-button\" download aria-describedby=\"wp-block-file--media-42502214-d21a-4e67-afb8-c917e529b254\">Let\u00f6lt\u00e9s<\/a><\/div>\n","protected":false},"excerpt":{"rendered":"","protected":false},"author":2,"featured_media":0,"parent":0,"menu_order":0,"comment_status":"closed","ping_status":"closed","template":"","meta":{"footnotes":""},"class_list":["post-880","page","type-page","status-publish","hentry"],"_links":{"self":[{"href":"http:\/\/sashegyi.hu\/index.php?rest_route=\/wp\/v2\/pages\/880","targetHints":{"allow":["GET"]}}],"collection":[{"href":"http:\/\/sashegyi.hu\/index.php?rest_route=\/wp\/v2\/pages"}],"about":[{"href":"http:\/\/sashegyi.hu\/index.php?rest_route=\/wp\/v2\/types\/page"}],"author":[{"embeddable":true,"href":"http:\/\/sashegyi.hu\/index.php?rest_route=\/wp\/v2\/users\/2"}],"replies":[{"embeddable":true,"href":"http:\/\/sashegyi.hu\/index.php?rest_route=%2Fwp%2Fv2%2Fcomments&post=880"}],"version-history":[{"count":3,"href":"http:\/\/sashegyi.hu\/index.php?rest_route=\/wp\/v2\/pages\/880\/revisions"}],"predecessor-version":[{"id":885,"href":"http:\/\/sashegyi.hu\/index.php?rest_route=\/wp\/v2\/pages\/880\/revisions\/885"}],"wp:attachment":[{"href":"http:\/\/sashegyi.hu\/index.php?rest_route=%2Fwp%2Fv2%2Fmedia&parent=880"}],"curies":[{"name":"wp","href":"https:\/\/api.w.org\/{rel}","templated":true}]}}