{"id":759,"date":"2025-08-26T22:09:32","date_gmt":"2025-08-26T20:09:32","guid":{"rendered":"http:\/\/sashegyi.hu\/?page_id=759"},"modified":"2025-08-26T22:09:32","modified_gmt":"2025-08-26T20:09:32","slug":"iskolai-kampanyoltasok","status":"publish","type":"page","link":"http:\/\/sashegyi.hu\/?page_id=759","title":{"rendered":"Iskolai kamp\u00e1nyolt\u00e1sok"},"content":{"rendered":"\n<h3 class=\"wp-block-heading\"><a><\/a><strong>MMR olt\u00e1s \u2013 6. oszt\u00e1ly<\/strong><\/h3>\n\n\n\n<p>Az MMR olt\u00e1s (kanyar\u00f3, mumpsz, r\u00f3zsahiml\u0151 elleni kombin\u00e1lt v\u00e9d\u0151olt\u00e1s) ism\u00e9tl\u00e9se 6. oszt\u00e1lyban t\u00f6rt\u00e9nik. Magyarorsz\u00e1gon minden eg\u00e9szs\u00e9ges, 15 h\u00f3napos gyermek k\u00f6telez\u0151en megkapja ezt az olt\u00e1st, a tart\u00f3s v\u00e9detts\u00e9ghez pedig ism\u00e9tl\u00e9s sz\u00fcks\u00e9ges.<\/p>\n\n\n\n<h4 class=\"wp-block-heading\"><a><\/a><strong>1. Mumpsz (j\u00e1rv\u00e1nyos f\u00fclt\u0151mirigy-gyullad\u00e1s)<\/strong><\/h4>\n\n\n\n<p>Lappang\u00e1si ideje 2\u20133 h\u00e9t. T\u00fcnetei: l\u00e1z, duzzanat \u00e9s f\u00e1jdalom a f\u00fclt\u0151mirigyekn\u00e9l (f\u00fcl el\u0151tt, \u00e1llkapocs alatt). Sz\u00f6v\u0151dm\u00e9ny lehet: agyh\u00e1rtyagyullad\u00e1s, here- vagy petef\u00e9szek-gyullad\u00e1s, amely k\u00e9toldali esetben medd\u0151s\u00e9get is okozhat.<\/p>\n\n\n\n<h4 class=\"wp-block-heading\"><a><\/a><strong>2. Kanyar\u00f3 (morbilli)<\/strong><\/h4>\n\n\n\n<p>9\u201310 napos lappang\u00e1s ut\u00e1n magas l\u00e1z, k\u00f6h\u00f6g\u00e9s, k\u00f6t\u0151h\u00e1rtya-gyullad\u00e1s, majd jellegzetes ki\u00fct\u00e9sek jelennek meg, el\u0151sz\u00f6r a f\u00fcl m\u00f6g\u00f6tt, k\u00e9s\u0151bb testszerte. Er\u0151sen fert\u0151z\u0151. Sz\u00f6v\u0151dm\u00e9nyei: k\u00f6z\u00e9pf\u00fcl-, t\u00fcd\u0151-, illetve agyvel\u0151gyullad\u00e1s, amely maradand\u00f3 hall\u00e1sk\u00e1rosod\u00e1st, \u00e9rtelmi fogyat\u00e9koss\u00e1got is okozhat.<\/p>\n\n\n\n<h4 class=\"wp-block-heading\"><a><\/a><strong>3. R\u00f3zsahiml\u0151 (rubeola)<\/strong><\/h4>\n\n\n\n<p>2\u20133 h\u00e9t lappang\u00e1si id\u0151 ut\u00e1n l\u00e1z, ki\u00fct\u00e9sek, tark\u00f3t\u00e1ji nyirokcsom\u00f3-duzzanat jelentkezik. Feln\u0151ttekn\u00e9l \u00edz\u00fcleti gyullad\u00e1s is el\u0151fordulhat. Ritk\u00e1n fordul el\u0151 sz\u00f6v\u0151dm\u00e9ny, de vesz\u00e9lyes lehet a magzatra. A terhess\u00e9g korai szakasz\u00e1ban \u00e1tv\u00e9szelt fert\u0151z\u00e9s velesz\u00fcletett rubeol\u00e1hoz vezethet. Az olt\u00e1s bevezet\u00e9se (1989) \u00f3ta a megbeteged\u00e9sek sz\u00e1ma jelent\u0151sen cs\u00f6kkent.<\/p>\n\n\n\n<h4 class=\"wp-block-heading\"><a><\/a><strong>4. Az olt\u00e1sr\u00f3l<\/strong><\/h4>\n\n\n\n<p>Az olt\u00e1s ellenanyag-termel\u00e9st ind\u00edt el a szervezetben. Enyhe mell\u00e9khat\u00e1s (l\u00e1z, ki\u00fct\u00e9s, ny\u00e1lmirigy-duzzanat) az 5\u201312. nap k\u00f6z\u00f6tt el\u0151fordulhat, de ezek sokkal enyh\u00e9bbek, mint maga a betegs\u00e9g, \u00e9s gyorsan elm\u00falnak. L\u00e1z eset\u00e9n l\u00e1zcsillap\u00edt\u00f3 ad\u00e1sa javasolt.<\/p>\n\n\n\n<h3 class=\"wp-block-heading\"><a><\/a><strong>dTap olt\u00e1s \u2013 6. oszt\u00e1ly<\/strong><\/h3>\n\n\n\n<p>A dTap kombin\u00e1lt olt\u00e1s h\u00e1rom betegs\u00e9g ellen ny\u00fajt v\u00e9delmet: <strong>dift\u00e9ria (torokgy\u00edk), tetanusz (merevg\u00f6rcs), szam\u00e1rk\u00f6h\u00f6g\u00e9s (pertussis).<\/strong><\/p>\n\n\n\n<h4 class=\"wp-block-heading\"><a><\/a><strong>1. Dift\u00e9ria (torokgy\u00edk)<\/strong><\/h4>\n\n\n\n<p>Bakt\u00e9rium okozza, cseppfert\u0151z\u00e9ssel vagy \u00e9rintkez\u00e9ssel terjed. A mandul\u00e1kon \u00e9s a torokban sz\u00fcrke leped\u00e9ket k\u00e9pez. A bakt\u00e9rium toxinja s\u00falyos sz\u00edvizom- \u00e9s idegrendszeri k\u00e1rosod\u00e1st okozhat. Olt\u00e1s el\u0151tt gyakran hal\u00e1los volt.<\/p>\n\n\n\n<h4 class=\"wp-block-heading\"><a><\/a><strong>2. Tetanusz (merevg\u00f6rcs)<\/strong><\/h4>\n\n\n\n<p>F\u00f6lddel szennyezett sebeken \u00e1t jut be a szervezetbe. A bakt\u00e9rium toxinja izomg\u00f6rcs\u00f6t, s\u00falyos esetben hal\u00e1lt okozhat, k\u00fcl\u00f6n\u00f6sen \u00fajsz\u00fcl\u00f6ttekn\u00e9l \u00e9s oltatlan id\u0151sekn\u00e9l.<strong>\u00a0<\/strong><\/p>\n\n\n\n<h4 class=\"wp-block-heading\"><a><\/a><strong>3. Szam\u00e1rk\u00f6h\u00f6g\u00e9s (pertussis)<\/strong><\/h4>\n\n\n\n<p>Cseppfert\u0151z\u00e9ssel terjed\u0151, rohamokban jelentkez\u0151 k\u00f6h\u00f6g\u00e9ssel j\u00e1r. Csecsem\u0151kn\u00e9l s\u00falyos sz\u00f6v\u0151dm\u00e9nye lehet a l\u00e9gz\u00e9skimarad\u00e1s vagy elh\u00faz\u00f3d\u00f3 t\u00fcd\u0151gyullad\u00e1s.<\/p>\n\n\n\n<h4 class=\"wp-block-heading\"><a><\/a><strong>4. Az olt\u00e1sr\u00f3l<\/strong><\/h4>\n\n\n\n<p>A dTap olt\u00f3anyag cs\u00f6kkentett antig\u00e9ntartalm\u00fa. Mell\u00e9khat\u00e1sk\u00e9nt h\u0151emelked\u00e9s, b\u0151rp\u00edr, duzzanat, fejf\u00e1j\u00e1s, f\u00e1radts\u00e1g, sz\u00e9d\u00fcl\u00e9s el\u0151fordulhat. A t\u00fcnetek \u00e1ltal\u00e1ban 1\u20132 napon bel\u00fcl elm\u00falnak. Er\u0151sebb reakci\u00f3 eset\u00e9n l\u00e1zcsillap\u00edt\u00e1s, borogat\u00e1s javasolt. Olt\u00e1s ut\u00e1n 24 \u00f3r\u00e1ig ker\u00fclend\u0151 a fizikai megterhel\u00e9s.<\/p>\n\n\n\n<h3 class=\"wp-block-heading\"><a><\/a><strong>Hepatitis B olt\u00e1s \u2013 7. oszt\u00e1ly (H\u00e1rom r\u00e9szolt\u00e1s)<\/strong><\/h3>\n\n\n\n<p>A Hepatitis B v\u00edrusos eredet\u0171, s\u00falyos m\u00e1jgyullad\u00e1st okoz\u00f3 betegs\u00e9g, mely testnedvekkel (v\u00e9r, szexu\u00e1lis \u00e9rintkez\u00e9s, fert\u0151z\u00f6tt eszk\u00f6z\u00f6k) terjed. A v\u00edrus ak\u00e1r hetekig \u00e9letk\u00e9pes marad a k\u00f6rnyezetben.<\/p>\n\n\n\n<h4 class=\"wp-block-heading\"><a><\/a><strong>Fert\u0151z\u00e9s lehets\u00e9ges m\u00f3djai:<\/strong><\/h4>\n\n\n\n<ul class=\"wp-block-list\">\n<li>Fert\u0151z\u00f6tt anya \u00fajsz\u00fcl\u00f6ttje<\/li>\n\n\n\n<li>K\u00f6z\u00f6s haszn\u00e1lati t\u00e1rgyak (borotva, fogkefe)<\/li>\n\n\n\n<li>V\u00e9rrel val\u00f3 \u00e9rintkez\u00e9s (eg\u00e9szs\u00e9g\u00fcgyi dolgoz\u00f3k, intrav\u00e9n\u00e1s k\u00e1b\u00edt\u00f3szer-haszn\u00e1l\u00f3k)<\/li>\n\n\n\n<li>Szexu\u00e1lis \u00faton<\/li>\n<\/ul>\n\n\n\n<p>A fert\u0151z\u00e9s gyakran t\u00fcnetmentes, de kr\u00f3nikus \u00e1llapothoz, ak\u00e1r m\u00e1jzsugorhoz vagy m\u00e1jr\u00e1khoz vezethet.<\/p>\n\n\n\n<h4 class=\"wp-block-heading\"><a><\/a><strong>Kiemelten vesz\u00e9lyeztetettek:<\/strong><\/h4>\n\n\n\n<p>Serd\u00fcl\u0151k \u00e9s fiatal feln\u0151ttek (gyakoribb partnercsere, test\u00e9kszerek, tetov\u00e1l\u00e1s, k\u00e1b\u00edt\u00f3szerek, k\u00fclf\u00f6ldi utaz\u00e1sok r\u00e9v\u00e9n).<\/p>\n\n\n\n<h4 class=\"wp-block-heading\"><a><\/a><strong>Az olt\u00e1sr\u00f3l<\/strong><\/h4>\n\n\n\n<p>A Hepatitis B elleni olt\u00e1s biztons\u00e1gos, ritk\u00e1n enyhe b\u0151rp\u00edr vagy f\u00e1jdalom jelentkezik az olt\u00e1s hely\u00e9n, amely nem ig\u00e9nyel kezel\u00e9st.<\/p>\n\n\n\n<hr class=\"wp-block-separator has-alpha-channel-opacity\"\/>\n\n\n\n<h3 class=\"wp-block-heading\"><a><\/a><strong>Fontos tudnival\u00f3k az olt\u00e1sokr\u00f3l<\/strong><\/h3>\n\n\n\n<p>Olt\u00e1s el\u0151tt a Kr\u00e9ta eg\u00e9szs\u00e9g\u00fcgyi rendszeren kereszt\u00fcl t\u00e1j\u00e9koztatom \u00f6n\u00f6ket az olt\u00e1s pontos id\u0151pontj\u00e1r\u00f3l. Az olt\u00e1si k\u00f6nyveket az olt\u00e1s napj\u00e1n hozz\u00e1k magukkal a tanul\u00f3k.<\/p>\n\n\n\n<p><strong>Tov\u00e1bbi inform\u00e1ci\u00f3 k\u00e9rhet\u0151: szem\u00e9lyesen, telefonon vagy e-mailben.<\/strong><\/p>\n\n\n\n<p>Temesin\u00e9 Estermann Andrea<br>Iskolav\u00e9d\u0151n\u0151<br><script type=\"text\/javascript\">tools.em(\"iskolavedono,#pomaz|#gmail,#com\");<\/script><br><a href=\"tel:+36304860033\">+36304860033<\/a><\/p>\n\n\n\n<p><\/p>\n","protected":false},"excerpt":{"rendered":"<p>MMR olt\u00e1s \u2013 6. oszt\u00e1ly Az MMR olt\u00e1s (kanyar\u00f3, mumpsz, r\u00f3zsahiml\u0151 elleni kombin\u00e1lt v\u00e9d\u0151olt\u00e1s) ism\u00e9tl\u00e9se 6. oszt\u00e1lyban t\u00f6rt\u00e9nik. Magyarorsz\u00e1gon minden eg\u00e9szs\u00e9ges, 15 h\u00f3napos gyermek k\u00f6telez\u0151en megkapja ezt az olt\u00e1st, a tart\u00f3s v\u00e9detts\u00e9ghez pedig ism\u00e9tl\u00e9s sz\u00fcks\u00e9ges. 1. Mumpsz (j\u00e1rv\u00e1nyos f\u00fclt\u0151mirigy-gyullad\u00e1s) Lappang\u00e1si ideje 2\u20133 h\u00e9t. T\u00fcnetei: l\u00e1z, duzzanat \u00e9s f\u00e1jdalom a f\u00fclt\u0151mirigyekn\u00e9l (f\u00fcl el\u0151tt, \u00e1llkapocs alatt). Sz\u00f6v\u0151dm\u00e9ny [&hellip;]<\/p>\n","protected":false},"author":2,"featured_media":0,"parent":0,"menu_order":0,"comment_status":"closed","ping_status":"closed","template":"","meta":{"footnotes":""},"class_list":["post-759","page","type-page","status-publish","hentry"],"_links":{"self":[{"href":"http:\/\/sashegyi.hu\/index.php?rest_route=\/wp\/v2\/pages\/759","targetHints":{"allow":["GET"]}}],"collection":[{"href":"http:\/\/sashegyi.hu\/index.php?rest_route=\/wp\/v2\/pages"}],"about":[{"href":"http:\/\/sashegyi.hu\/index.php?rest_route=\/wp\/v2\/types\/page"}],"author":[{"embeddable":true,"href":"http:\/\/sashegyi.hu\/index.php?rest_route=\/wp\/v2\/users\/2"}],"replies":[{"embeddable":true,"href":"http:\/\/sashegyi.hu\/index.php?rest_route=%2Fwp%2Fv2%2Fcomments&post=759"}],"version-history":[{"count":1,"href":"http:\/\/sashegyi.hu\/index.php?rest_route=\/wp\/v2\/pages\/759\/revisions"}],"predecessor-version":[{"id":760,"href":"http:\/\/sashegyi.hu\/index.php?rest_route=\/wp\/v2\/pages\/759\/revisions\/760"}],"wp:attachment":[{"href":"http:\/\/sashegyi.hu\/index.php?rest_route=%2Fwp%2Fv2%2Fmedia&parent=759"}],"curies":[{"name":"wp","href":"https:\/\/api.w.org\/{rel}","templated":true}]}}