{"id":621,"date":"2025-06-13T07:58:00","date_gmt":"2025-06-13T05:58:00","guid":{"rendered":"http:\/\/sashegyi.hu\/go\/?page_id=621"},"modified":"2025-06-15T07:59:01","modified_gmt":"2025-06-15T05:59:01","slug":"tamogatas","status":"publish","type":"page","link":"http:\/\/sashegyi.hu\/?page_id=621","title":{"rendered":"T\u00e1mogat\u00e1s"},"content":{"rendered":"\n<p>A Sashegyi S\u00e1ndor Alap\u00edtv\u00e1ny legf\u0151bb c\u00e9lja 1991 \u00f3ta a&nbsp;<strong>sashegyis di\u00e1kok t\u00e1mogat\u00e1sa<\/strong>. F\u0151 c\u00e9lkit\u0171z\u00e9s\u00fcnk, hogy a rendelkez\u00e9s\u00fcnkre \u00e1ll\u00f3 p\u00e9nzeszk\u00f6z\u00f6ket az iskola t\u00e1rgyi eszk\u00f6z\u00e1llom\u00e1ny\u00e1nak jav\u00edt\u00e1s\u00e1ra, meg\u00faj\u00edt\u00e1s\u00e1ra ford\u00edtsuk, seg\u00edts\u00fck az iskol\u00e1t abban, hogy a pedag\u00f3giai program strat\u00e9giai c\u00e9lkit\u0171z\u00e9sei megval\u00f3sulhassanak, javuljon az oktat\u00e1s sz\u00ednvonala, a szabadid\u0151s tev\u00e9kenys\u00e9gek a sashegyisek ismereteit b\u0151v\u00edthess\u00e9k. Alap\u00edtv\u00e1nyunk seg\u00edti a r\u00e1szorul\u00f3 tanul\u00f3kat, az arra \u00e9rdemeseket jutalmazza.<\/p>\n\n\n\n<p>Az idei \u00e9v legfontosabb projektje az udvar fel\u00faj\u00edt\u00e1sa, a b\u00fatorzat cser\u00e9j\u00e9nek megkezd\u00e9se, emellett folytatni szeretn\u00e9nk a r\u00e1szorul\u00f3 di\u00e1kok t\u00e1mogat\u00e1s\u00e1t.<\/p>\n\n\n\n<p>Az al\u00e1bbi fel\u00fcleten a SimplePay fizet\u00e9si rendszeren kereszt\u00fcl egyszer\u0171en utalhat az alap\u00edtv\u00e1nyunk sz\u00e1m\u00e1ra!<\/p>\n\n\n\n<p class=\"has-vivid-red-color has-text-color has-link-color wp-elements-40497028800ec8b763c6d749cfe9ee98\"><em>K\u00f6sz\u00f6nj\u00fck, hogy t\u00e1mogat benn\u00fcnket, hozz\u00e1j\u00e1rulva a sashegyis di\u00e1kok siker\u00e9hez!<\/em><\/p>\n\n\n\n<form class=\"disabled\" id=\"backing_form\" accept-charset=\"UTF-8\"><div id=\"backing-form-input\" class=\"backing-form\" style=\"\">\n        <div class=\"backing-header\">\n            <div class=\"title\">T\u00e1mogasd alap\u00edtv\u00e1nyunkat!<\/div>\n        <\/div>\n        <div class=\"backing-selector\">\n            <div class=\"backing-explain\">V\u00e1lassz\/adj meg egy t\u00e1mogat\u00e1si c\u00e9lt \u00e9s \u00f6sszeget <b>1000<\/b>&nbsp;\u00e9s&nbsp;<b>500&nbsp;000&nbsp;Ft<\/b> k\u00f6z\u00f6tt!<\/div>\n            <div class=\"backing-scope\">\n                <script type=\"text\/javascript\">\n                    (function(){\n                        var defaultList = \"udvar-fel\\u00faj\\u00edt\\u00e1s,r\\u00e1szorul\\u00f3-di\\u00e1kok,b\\u00fatorzat\";\n                        var list = new URLSearchParams(location.search).get(\"celok\");\n                        if (list == null) {\n                            if (defaultList == null)\n                                return;\n                            list = defaultList;\n                        }\n                        list = list.trim();\n                        if (!list.length)\n                            return;\n                        var scopeList = list.split(\/\\s*(?:,\\s*)+\/);\n                            document.write('<div class=\"scope-list\">');\n                        var i;\n                        var filteredList = [];\n                        for (i=0; i<scopeList.length; ++i) {\n                            var item = scopeList[i];\n                            if (item.charAt(0) != '#')\n                                item = '#'+item;\n                            var result = backing_filterScope(item, 0, 0);\n                            if (result[0].length <= 2)\n                                continue;\n                            filteredList.push(result[0]);\n                        }\n                        for (i=0; i<filteredList.length; ++i) {\n                            var item = filteredList[i].replaceAll('&', '&amp;');\n                            document.write('<a href=\"'+item+'\" onclick=\"backing_setScope(event)\">'+item+'<\/a>');\n                        }\n                        document.write('<\/div>');\n                    })();\n                <\/script>\n                <input id=\"backing_scope\" name=\"scope\" value=\"\" placeholder=\"#c\u00e9l (nem k\u00f6telez\u0151)\"\n                    onchange=\"backing_scope_onchange(event)\"\n                    onpaste=\"backing_scope_onchange(event)\"\n                    oninput=\"backing_scope_onchange(event)\"\n                    onblur=\"backing_scope_onblur(event)\"\/>\n            <\/div>\n            <script type=\"text\/javascript\">\n                (function(){\n                    var e_scope = document.getElementById('backing_scope');\n                    if (!e_scope)\n                        return;\n                    var defaultScope = null;\n                    var scope = new URLSearchParams(location.search).get(\"cel\");\n                    if (scope == null)\n                        scope = defaultScope;\n                    if (scope && scope.length) {\n                        if (scope.charAt(0) != '#')\n                            scope = '#'+scope;\n                        e_scope.value = scope;\n                        backing_scope_update(e_scope, false);\n                    }\n                })();\n            <\/script>\n\n            <div class=\"baking-opt baking-opt-11\"><button type=\"button\" onclick=\"backing_setAmount(1000)\">1000 Ft<\/button><\/div>\n            <div class=\"baking-opt baking-opt-12\"><button type=\"button\" onclick=\"backing_setAmount(2000)\">2000 Ft<\/button><\/div>\n            <div class=\"baking-opt baking-opt-13\"><button type=\"button\" onclick=\"backing_setAmount(5000)\">5000 Ft<\/button><\/div>\n            <div class=\"baking-opt baking-opt-21\"><button type=\"button\" onclick=\"backing_setAmount(10000)\">10.000 Ft<\/button><\/div>\n            <div class=\"baking-opt baking-opt-22\"><button type=\"button\" onclick=\"backing_setAmount(20000)\">20.000 Ft<\/button><\/div>\n            <div class=\"baking-opt baking-opt-23\"><button type=\"button\" onclick=\"backing_setAmount(50000)\">50.000 Ft<\/button><\/div>\n\n            <div class=\"backing-selected\">\n                <input id=\"backing_total_ft\" value=\"\" step=\"500\" min=\"1000\" max=\"500000\" data-type=\"currency\" inputmode=\"numeric\" placeholder=\"_ Ft\"\n                    onkeydown=\"currency_onkeydown(event)\"\n                    onkeypress=\"currency_onkeypress(event)\"\n                    onchange=\"currency_onchange(event)\"\n                    onpaste=\"currency_onchange(event)\"\n                    oninput=\"currency_onchange(event)\"\/>\n            <\/div>\n        <\/div>\n\n        <div class=\"backing-footer\">\n            <div class=\"backing-disclaimer\">\n                <p>Tudom\u00e1sul veszem, hogy a Sashegyi S\u00e1ndor Alap\u00edtv\u00e1ny (2013 Pom\u00e1z, Iskola u. 2) adatkezel\u0151\n                \u00e1ltal az al\u00e1bbi, t\u00e1mogat\u00e1ssal kapcsolatos adatok \u00e1tad\u00e1sra ker\u00fclnek az OTP Mobil Kft., mint\n                adatfeldolgoz\u00f3 r\u00e9sz\u00e9re. Az adatkezel\u0151 \u00e1ltal tov\u00e1bb\u00edtott adatok: a <b>n\u00e9v<\/b>, <b>email c\u00edm<\/b>,\n                <b>telefonsz\u00e1m<\/b> \u00e9s <b>sz\u00e1ml\u00e1z\u00e1si c\u00edm<\/b>.<\/p>\n                <a class=\"simplepay-button\" href=\"http:\/\/simplepartner.hu\/PaymentService\/Fizetesi_tajekoztato.pdf\" target=\"_blank\" style=\"float:right\"><img decoding=\"async\" width=\"200\" src=\"http:\/\/sashegyi.hu\/wp-content\/themes\/sashegyi-1.0.28\/spv2\/simplepay_logo.png\" title=\"SimplePay - Online bankk\u00e1rty\u00e1s fizet\u00e9s\" alt=\" SimplePay v\u00e1s\u00e1rl\u00f3i t\u00e1j\u00e9koztat\u00f3\"><\/a>\n                <p>Az adatfeldolgoz\u00f3 \u00e1ltal v\u00e9gzett adatfeldolgoz\u00e1si tev\u00e9kenys\u00e9g jellege \u00e9s c\u00e9lja a\n                SimplePay Adatkezel\u00e9si t\u00e1j\u00e9koztat\u00f3ban, az al\u00e1bbi linken tekinthet\u0151 meg:\n                <a href=\"http:\/\/simplepay.hu\/vasarlo-aff\" target=\"_blank\">simplepay.hu\/vasarlo-aff<\/a><\/p>\n            <\/div>\n            <div id=\"backing_submitError\" style=\"display:none\">\n                <b>Hiba t\u00f6rt\u00e9nt az \u00e1tutal\u00e1s k\u00f6zben!<\/b> K\u00e9rj\u00fck kis id\u0151 m\u00falva pr\u00f3b\u00e1lkozzon \u00fajra. Ha a probl\u00e9ma fenn\u00e1ll, k\u00e9rj\u00fck vizsg\u00e1lja meg internetkapcsolat\u00e1t.\n                Amennyiben a hiba \u00e1ltal\u00e1nos \u00e9s t\u00f6bb eszk\u00f6zr\u0151l \u00e9szlelhet\u0151, k\u00e9rj\u00fck t\u00e1j\u00e9koztasson minket!<br>\n                <b>K\u00f6sz\u00f6nj\u00fck!<\/b>\n            <\/div>\n            <div class=\"backing-submit\">\n                <button id=\"backing_submitButton\" type=\"submit\" onclick=\"backing_submit_onclick(event)\">\n                    <svg xmlns=\"http:\/\/www.w3.org\/2000\/svg\" width=\"24\" height=\"24\" viewBox=\"0 0 59.999 60\">\n                        <path class=\"send-letter-cover\" fill=\"#FDE3E3\" d=\"M18.314 36.504 2.222 56.142V26.416zM20.211 37.694 30 43.83l9.891-6.201L56.4 57.777H3.754zM41.789 36.439l15.988-10.023v29.536z\"\/>\n                        <path class=\"send-letter-inside\" fill=\"#F16061\" d=\"m56.483 24.604-5.802 3.638v-6.07z\"\/>\n                        <path class=\"send-letter-paper\" fill=\"#FFF\" d=\"M10.429 30.249V1.111H49.57v29.138L30 42.519z\"\/>\n                        <path class=\"send-letter-inside\" fill=\"#F16061\" d=\"M24.22 11.01a4.672 4.672 0 0 1 4.669 4.665 1.11 1.11 0 1 0 2.222 0 4.67 4.67 0 0 1 4.666-4.664 4.67 4.67 0 0 1 4.666 4.664 4.62 4.62 0 0 1-1.496 3.407 1.08 1.08 0 0 0-.136.151l-8.812 8.81-8.808-8.807a1.058 1.058 0 0 0-.134-.15c-.968-.904-1.502-2.115-1.502-3.411a4.67 4.67 0 0 1 4.666-4.664zM9.318 28.242l-5.802-3.638 5.802-2.432z\"\/>\n                        <path class=\"send-letter-border\" fill=\"#393939\" d=\"M30 30.726a1.11 1.11 0 0 1-.786-.326L19.5 20.686a1.205 1.205 0 0 1-.092-.102 6.82 6.82 0 0 1-2.075-4.91c0-3.796 3.09-6.885 6.888-6.885A6.892 6.892 0 0 1 30 11.929a6.888 6.888 0 0 1 5.777-3.14c3.799 0 6.889 3.089 6.889 6.886 0 1.86-.735 3.595-2.072 4.906a.948.948 0 0 1-.093.105L30.785 30.4a1.11 1.11 0 0 1-.785.326zm-8.81-11.49L30 28.044l8.81-8.81a1.23 1.23 0 0 1 .137-.152 4.62 4.62 0 0 0 1.496-3.407 4.67 4.67 0 0 0-4.666-4.664 4.67 4.67 0 0 0-4.666 4.664 1.11 1.11 0 1 1-2.222 0 4.672 4.672 0 0 0-4.668-4.664 4.67 4.67 0 0 0-4.666 4.664c0 1.296.534 2.507 1.502 3.41.05.047.095.097.134.15zM57.252 58.817 38.925 36.451l1.719-1.409L58.97 57.408l-1.718 1.409z\"\/>\n                        <path class=\"send-letter-border\" fill=\"#393939\" d=\"M30 43.83.521 25.349l1.18-1.883L30 41.206l28.298-17.74 1.18 1.883L30 43.83z\"\/>\n                        <path class=\"send-letter-border\" fill=\"#393939\" d=\"M60 60H0V23.669l10.311-4.323.859 2.05-8.948 3.751v32.63h55.555v-32.63l-8.949-3.751.859-2.05L60 23.669V60z\"\/>\n                        <path class=\"send-letter-border\" fill=\"#393939\" d=\"M50.681 30h-2.222V2.223H11.541V30H9.318V0h41.363v30zM2.902 58.817l-1.718-1.409 18.327-22.366 1.719 1.409L2.902 58.817z\"\/>\n                    <\/svg>\n                    <span>T\u00e1mogatom<\/span>\n                <\/button>\n                <svg id=\"backing_submitLoader\" class=\"spinner\" viewBox=\"0 0 50 50\" style=\"display:none\">\n                <circle class=\"spinner__path\" cx=\"25\" cy=\"25\" r=\"20\" fill=\"none\" stroke-width=\"5\"><\/circle>\n                <\/svg>\n            <\/div>\n                    <\/div>\n            <\/div>\n    <\/form>\n\n\n\n<p><\/p>\n\n\n<div class=\"wp-block-image\">\n<figure class=\"aligncenter size-medium\"><a href=\"http:\/\/sashegyi.hu\/wp-content\/uploads\/2025\/06\/sashegyi-tamogatas-qr-code.png\"><img loading=\"lazy\" decoding=\"async\" width=\"300\" height=\"300\" src=\"http:\/\/sashegyi.hu\/wp-content\/uploads\/2025\/06\/sashegyi-tamogatas-qr-code-300x300.png\" alt=\"\" class=\"wp-image-723\" srcset=\"http:\/\/sashegyi.hu\/wp-content\/uploads\/2025\/06\/sashegyi-tamogatas-qr-code-300x300.png 300w, http:\/\/sashegyi.hu\/wp-content\/uploads\/2025\/06\/sashegyi-tamogatas-qr-code-1200x1200.png 1200w, http:\/\/sashegyi.hu\/wp-content\/uploads\/2025\/06\/sashegyi-tamogatas-qr-code-150x150.png 150w, http:\/\/sashegyi.hu\/wp-content\/uploads\/2025\/06\/sashegyi-tamogatas-qr-code-768x768.png 768w, http:\/\/sashegyi.hu\/wp-content\/uploads\/2025\/06\/sashegyi-tamogatas-qr-code-1536x1536.png 1536w, http:\/\/sashegyi.hu\/wp-content\/uploads\/2025\/06\/sashegyi-tamogatas-qr-code-2048x2048.png 2048w\" sizes=\"auto, (max-width: 300px) 100vw, 300px\" \/><\/a><\/figure><\/div>","protected":false},"excerpt":{"rendered":"<p>A Sashegyi S\u00e1ndor Alap\u00edtv\u00e1ny legf\u0151bb c\u00e9lja 1991 \u00f3ta a&nbsp;sashegyis di\u00e1kok t\u00e1mogat\u00e1sa. F\u0151 c\u00e9lkit\u0171z\u00e9s\u00fcnk, hogy a rendelkez\u00e9s\u00fcnkre \u00e1ll\u00f3 p\u00e9nzeszk\u00f6z\u00f6ket az iskola t\u00e1rgyi eszk\u00f6z\u00e1llom\u00e1ny\u00e1nak jav\u00edt\u00e1s\u00e1ra, meg\u00faj\u00edt\u00e1s\u00e1ra ford\u00edtsuk, seg\u00edts\u00fck az iskol\u00e1t abban, hogy a pedag\u00f3giai program strat\u00e9giai c\u00e9lkit\u0171z\u00e9sei megval\u00f3sulhassanak, javuljon az oktat\u00e1s sz\u00ednvonala, a szabadid\u0151s tev\u00e9kenys\u00e9gek a sashegyisek ismereteit b\u0151v\u00edthess\u00e9k. Alap\u00edtv\u00e1nyunk seg\u00edti a r\u00e1szorul\u00f3 tanul\u00f3kat, az arra \u00e9rdemeseket [&hellip;]<\/p>\n","protected":false},"author":2,"featured_media":0,"parent":0,"menu_order":0,"comment_status":"closed","ping_status":"closed","template":"","meta":{"footnotes":""},"class_list":["post-621","page","type-page","status-publish","hentry"],"_links":{"self":[{"href":"http:\/\/sashegyi.hu\/index.php?rest_route=\/wp\/v2\/pages\/621","targetHints":{"allow":["GET"]}}],"collection":[{"href":"http:\/\/sashegyi.hu\/index.php?rest_route=\/wp\/v2\/pages"}],"about":[{"href":"http:\/\/sashegyi.hu\/index.php?rest_route=\/wp\/v2\/types\/page"}],"author":[{"embeddable":true,"href":"http:\/\/sashegyi.hu\/index.php?rest_route=\/wp\/v2\/users\/2"}],"replies":[{"embeddable":true,"href":"http:\/\/sashegyi.hu\/index.php?rest_route=%2Fwp%2Fv2%2Fcomments&post=621"}],"version-history":[{"count":8,"href":"http:\/\/sashegyi.hu\/index.php?rest_route=\/wp\/v2\/pages\/621\/revisions"}],"predecessor-version":[{"id":729,"href":"http:\/\/sashegyi.hu\/index.php?rest_route=\/wp\/v2\/pages\/621\/revisions\/729"}],"wp:attachment":[{"href":"http:\/\/sashegyi.hu\/index.php?rest_route=%2Fwp%2Fv2%2Fmedia&parent=621"}],"curies":[{"name":"wp","href":"https:\/\/api.w.org\/{rel}","templated":true}]}}