{"id":604,"date":"2025-06-13T06:45:37","date_gmt":"2025-06-13T04:45:37","guid":{"rendered":"http:\/\/sashegyi.hu\/go\/?page_id=604"},"modified":"2025-06-13T06:59:37","modified_gmt":"2025-06-13T04:59:37","slug":"csengetesi-rend","status":"publish","type":"page","link":"http:\/\/sashegyi.hu\/?page_id=604","title":{"rendered":"Csenget\u00e9si rend"},"content":{"rendered":"\n<figure class=\"wp-block-table is-style-stripes\"><table class=\"has-fixed-layout\"><thead><tr><th>\u00d3ra<\/th><th class=\"has-text-align-center\" data-align=\"center\">Kezdete<\/th><th class=\"has-text-align-center\" data-align=\"center\">&#8211;<\/th><th class=\"has-text-align-center\" data-align=\"center\">V\u00e9ge<\/th><th class=\"has-text-align-center\" data-align=\"center\">Sz\u00fcnet<\/th><\/tr><\/thead><tbody><tr><th>1. \u00f3ra:<\/th><td class=\"has-text-align-center\" data-align=\"center\">8:00<\/td><td class=\"has-text-align-center\" data-align=\"center\">&#8211;<\/td><td class=\"has-text-align-center\" data-align=\"center\">8:45<\/td><td class=\"has-text-align-center\" data-align=\"center\">15 perc<\/td><\/tr><tr><th>2. \u00f3ra:<\/th><td class=\"has-text-align-center\" data-align=\"center\">9:00<\/td><td class=\"has-text-align-center\" data-align=\"center\">&#8211;<\/td><td class=\"has-text-align-center\" data-align=\"center\">9:45<\/td><td class=\"has-text-align-center\" data-align=\"center\">15 perc<\/td><\/tr><tr><th>3. \u00f3ra:<\/th><td class=\"has-text-align-center\" data-align=\"center\">10:00<\/td><td class=\"has-text-align-center\" data-align=\"center\">&#8211;<\/td><td class=\"has-text-align-center\" data-align=\"center\">10:45<\/td><td class=\"has-text-align-center\" data-align=\"center\">10 perc<\/td><\/tr><tr><th>4. \u00f3ra:<\/th><td class=\"has-text-align-center\" data-align=\"center\">10:55<\/td><td class=\"has-text-align-center\" data-align=\"center\">&#8211;<\/td><td class=\"has-text-align-center\" data-align=\"center\">11:40<\/td><td class=\"has-text-align-center\" data-align=\"center\">10 perc<\/td><\/tr><tr><th><\/th><td class=\"has-text-align-center\" data-align=\"center\" colspan=\"3\"><strong>R\u00d6VID EB\u00c9DSZ\u00dcNET<\/strong><\/td><td><\/td><\/tr><tr><th>5. \u00f3ra:<\/th><td class=\"has-text-align-center\" data-align=\"center\">11:50<\/td><td class=\"has-text-align-center\" data-align=\"center\">&#8211;<\/td><td class=\"has-text-align-center\" data-align=\"center\">12:35<\/td><td class=\"has-text-align-center\" data-align=\"center\">20 perc<\/td><\/tr><tr><th><\/th><td class=\"has-text-align-center\" data-align=\"center\" colspan=\"3\"><strong>HOSSZ\u00da EB\u00c9DSZ\u00dcNET<\/strong><\/td><td><\/td><\/tr><tr><th>6. \u00f3ra:<\/th><td class=\"has-text-align-center\" data-align=\"center\">12:55<\/td><td class=\"has-text-align-center\" data-align=\"center\">&#8211;<\/td><td class=\"has-text-align-center\" data-align=\"center\">13:40<\/td><td class=\"has-text-align-center\" data-align=\"center\">10 perc<\/td><\/tr><tr><th>7. \u00f3ra:<\/th><td class=\"has-text-align-center\" data-align=\"center\">13:50<\/td><td class=\"has-text-align-center\" data-align=\"center\">&#8211;<\/td><td class=\"has-text-align-center\" data-align=\"center\">14:35<\/td><td class=\"has-text-align-center\" data-align=\"center\">5 perc<\/td><\/tr><tr><th>8. \u00f3ra:<\/th><td class=\"has-text-align-center\" data-align=\"center\">14:40<\/td><td class=\"has-text-align-center\" data-align=\"center\">&#8211;<\/td><td class=\"has-text-align-center\" data-align=\"center\">15:25<\/td><td class=\"has-text-align-center\" data-align=\"center\">&#8211;<\/td><\/tr><\/tbody><\/table><\/figure>\n","protected":false},"excerpt":{"rendered":"<p>\u00d3ra Kezdete &#8211; V\u00e9ge Sz\u00fcnet 1. \u00f3ra: 8:00 &#8211; 8:45 15 perc 2. \u00f3ra: 9:00 &#8211; 9:45 15 perc 3. \u00f3ra: 10:00 &#8211; 10:45 10 perc 4. \u00f3ra: 10:55 &#8211; 11:40 10 perc R\u00d6VID EB\u00c9DSZ\u00dcNET 5. \u00f3ra: 11:50 &#8211; 12:35 20 perc HOSSZ\u00da EB\u00c9DSZ\u00dcNET 6. \u00f3ra: 12:55 &#8211; 13:40 10 perc 7. \u00f3ra: 13:50 &#8211; [&hellip;]<\/p>\n","protected":false},"author":2,"featured_media":0,"parent":0,"menu_order":0,"comment_status":"closed","ping_status":"closed","template":"","meta":{"footnotes":""},"class_list":["post-604","page","type-page","status-publish","hentry"],"_links":{"self":[{"href":"http:\/\/sashegyi.hu\/index.php?rest_route=\/wp\/v2\/pages\/604","targetHints":{"allow":["GET"]}}],"collection":[{"href":"http:\/\/sashegyi.hu\/index.php?rest_route=\/wp\/v2\/pages"}],"about":[{"href":"http:\/\/sashegyi.hu\/index.php?rest_route=\/wp\/v2\/types\/page"}],"author":[{"embeddable":true,"href":"http:\/\/sashegyi.hu\/index.php?rest_route=\/wp\/v2\/users\/2"}],"replies":[{"embeddable":true,"href":"http:\/\/sashegyi.hu\/index.php?rest_route=%2Fwp%2Fv2%2Fcomments&post=604"}],"version-history":[{"count":7,"href":"http:\/\/sashegyi.hu\/index.php?rest_route=\/wp\/v2\/pages\/604\/revisions"}],"predecessor-version":[{"id":612,"href":"http:\/\/sashegyi.hu\/index.php?rest_route=\/wp\/v2\/pages\/604\/revisions\/612"}],"wp:attachment":[{"href":"http:\/\/sashegyi.hu\/index.php?rest_route=%2Fwp%2Fv2%2Fmedia&parent=604"}],"curies":[{"name":"wp","href":"https:\/\/api.w.org\/{rel}","templated":true}]}}