{"id":485,"date":"2025-06-01T22:45:15","date_gmt":"2025-06-01T20:45:15","guid":{"rendered":"http:\/\/sashegyi.hu\/go\/?page_id=485"},"modified":"2026-02-13T17:42:42","modified_gmt":"2026-02-13T16:42:42","slug":"munkatarsaink","status":"publish","type":"page","link":"http:\/\/sashegyi.hu\/?page_id=485","title":{"rendered":"Munkat\u00e1rsaink"},"content":{"rendered":"\n<h2 class=\"wp-block-heading has-text-align-left\" id=\"igazgatosag\">Igazgat\u00f3s\u00e1g<\/h2>\n\n\n\n<div class=\"photo-tiles\">\n\n\n\n<figure class=\"wp-block-image size-full\"><img loading=\"lazy\" decoding=\"async\" width=\"180\" height=\"270\" src=\"http:\/\/sashegyi.hu\/wp-content\/uploads\/2025\/06\/KapinGyorgyne-e1749748705173.jpg\" alt=\"\" class=\"wp-image-522\" style=\"object-fit:cover\"\/><figcaption class=\"wp-element-caption\">Kapin Gy\u00f6rgyn\u00e9<br>f\u0151igazgat\u00f3,<br>t\u00f6rt\u00e9nelem<\/figcaption><\/figure>\n\n\n\n<figure class=\"wp-block-image size-full\"><img loading=\"lazy\" decoding=\"async\" width=\"180\" height=\"270\" src=\"http:\/\/sashegyi.hu\/wp-content\/uploads\/2025\/06\/image-1.jpeg\" alt=\"\" class=\"wp-image-491\"\/><figcaption class=\"wp-element-caption\">Barta \u00c9va&nbsp;<br>f\u0151igazgat\u00f3helyettes,<br>magyar<\/figcaption><\/figure>\n\n\n\n<figure class=\"wp-block-image size-full\"><img loading=\"lazy\" decoding=\"async\" width=\"180\" height=\"270\" src=\"http:\/\/sashegyi.hu\/wp-content\/uploads\/2025\/06\/image-10.jpeg\" alt=\"\" class=\"wp-image-531\"\/><figcaption class=\"wp-element-caption\">Szikra Petronella<br>f\u0151igazgat\u00f3helyettes,<br>magyar<\/figcaption><\/figure>\n\n\n\n<\/div>\n\n\n\n<h2 class=\"wp-block-heading has-text-align-left clear\" id=\"pedagogus\">Pedag\u00f3gusok<\/h2>\n\n\n\n<div class=\"photo-tiles\">\n\n\n\n<figure class=\"wp-block-image size-full\"><img loading=\"lazy\" decoding=\"async\" width=\"180\" height=\"270\" src=\"http:\/\/sashegyi.hu\/wp-content\/uploads\/2025\/06\/image-2.jpeg\" alt=\"\" class=\"wp-image-492\"\/><figcaption class=\"wp-element-caption\">Bagolyn\u00e9 Geng Imola&nbsp;<br>biol\u00f3gia,<br>gy\u00f3gypedag\u00f3giai<br>asszisztens<\/figcaption><\/figure>\n\n\n\n<figure class=\"wp-block-image size-full\"><img loading=\"lazy\" decoding=\"async\" width=\"180\" height=\"270\" src=\"http:\/\/sashegyi.hu\/wp-content\/uploads\/2025\/09\/Balazs_Jozsef.jpg\" alt=\"\" class=\"wp-image-776\"\/><figcaption class=\"wp-element-caption\">Bal\u00e1zs J\u00f3zsef&nbsp;<br>t\u00f6rt\u00e9nelem<\/figcaption><\/figure>\n\n\n\n<figure class=\"wp-block-image size-full\"><img loading=\"lazy\" decoding=\"async\" width=\"180\" height=\"270\" src=\"http:\/\/sashegyi.hu\/wp-content\/uploads\/2025\/11\/BanadicsMarta.jpg\" alt=\"\" class=\"wp-image-811\"\/><figcaption class=\"wp-element-caption\">Banadics M\u00e1rta<br>tan\u00edt\u00f3<\/figcaption><\/figure>\n\n\n\n<figure class=\"wp-block-image size-full\"><img loading=\"lazy\" decoding=\"async\" width=\"180\" height=\"270\" src=\"http:\/\/sashegyi.hu\/wp-content\/uploads\/2025\/06\/image-4.jpeg\" alt=\"\" class=\"wp-image-494\"\/><figcaption class=\"wp-element-caption\">Becze \u00c1gnes<br>testnevel\u00e9s<\/figcaption><\/figure>\n\n\n\n<figure class=\"wp-block-image size-full\"><img loading=\"lazy\" decoding=\"async\" width=\"180\" height=\"270\" src=\"http:\/\/sashegyi.hu\/wp-content\/uploads\/2025\/11\/BironeKatonaOrsolya.jpg\" alt=\"\" class=\"wp-image-813\"\/><figcaption class=\"wp-element-caption\">B\u00edr\u00f3n\u00e9 Katona Orsolya<br>tan\u00edt\u00f3<\/figcaption><\/figure>\n\n\n\n<figure class=\"wp-block-image size-full\"><img loading=\"lazy\" decoding=\"async\" width=\"180\" height=\"270\" src=\"http:\/\/sashegyi.hu\/wp-content\/uploads\/2025\/06\/image-5.jpeg\" alt=\"\" class=\"wp-image-495\"\/><figcaption class=\"wp-element-caption\">Borb\u00e9ly Anik\u00f3&nbsp;<br>tan\u00edt\u00f3, k\u00f6nyvt\u00e1ros<\/figcaption><\/figure>\n\n\n\n<figure class=\"wp-block-image size-full\"><img loading=\"lazy\" decoding=\"async\" width=\"180\" height=\"270\" src=\"http:\/\/sashegyi.hu\/wp-content\/uploads\/2025\/06\/image-7.jpeg\" alt=\"\" class=\"wp-image-499\"\/><figcaption class=\"wp-element-caption\">D\u00e1nyi Gabriella<br>tan\u00edt\u00f3<\/figcaption><\/figure>\n\n\n\n<figure class=\"wp-block-image size-full\"><img loading=\"lazy\" decoding=\"async\" width=\"180\" height=\"270\" src=\"http:\/\/sashegyi.hu\/wp-content\/uploads\/2025\/06\/image-8.jpeg\" alt=\"\" class=\"wp-image-500\"\/><figcaption class=\"wp-element-caption\">D\u00e9csein\u00e9 Chornitzer<br>Eszter&nbsp;<br>tan\u00edt\u00f3<\/figcaption><\/figure>\n\n\n\n<figure class=\"wp-block-image size-full\"><img loading=\"lazy\" decoding=\"async\" width=\"180\" height=\"270\" src=\"http:\/\/sashegyi.hu\/wp-content\/uploads\/2025\/06\/image-9.jpeg\" alt=\"\" class=\"wp-image-504\"\/><figcaption class=\"wp-element-caption\">Decsin\u00e9 Csongr\u00e1di<br>Luca<br>tan\u00edt\u00f3<\/figcaption><\/figure>\n\n\n\n<figure class=\"wp-block-image size-full\"><img loading=\"lazy\" decoding=\"async\" width=\"180\" height=\"270\" src=\"http:\/\/sashegyi.hu\/wp-content\/uploads\/2025\/06\/DelineRemenyiAndrea-e1749748732163.jpg\" alt=\"\" class=\"wp-image-524\"\/><figcaption class=\"wp-element-caption\">Delin\u00e9 Rem\u00e9nyi<br>Andrea<br>tan\u00edt\u00f3<\/figcaption><\/figure>\n\n\n\n<figure class=\"wp-block-image size-full\"><img loading=\"lazy\" decoding=\"async\" width=\"180\" height=\"270\" src=\"http:\/\/sashegyi.hu\/wp-content\/uploads\/2025\/06\/image-11.jpeg\" alt=\"\" class=\"wp-image-534\"\/><figcaption class=\"wp-element-caption\">Domokos Anita&nbsp;<br>fejleszt\u0151pedag\u00f3gus<\/figcaption><\/figure>\n\n\n\n<figure class=\"wp-block-image size-full\"><img loading=\"lazy\" decoding=\"async\" width=\"180\" height=\"270\" src=\"http:\/\/sashegyi.hu\/wp-content\/uploads\/2025\/06\/image-12.jpeg\" alt=\"\" class=\"wp-image-535\"\/><figcaption class=\"wp-element-caption\">D\u00facz L\u00e1szl\u00f3n\u00e9&nbsp;<br>biol\u00f3gia<\/figcaption><\/figure>\n\n\n\n<figure class=\"wp-block-image size-full\"><img loading=\"lazy\" decoding=\"async\" width=\"180\" height=\"270\" src=\"http:\/\/sashegyi.hu\/wp-content\/uploads\/2025\/06\/sziluett-no3.png\" alt=\"\" class=\"wp-image-618\"\/><figcaption class=\"wp-element-caption\">Feh\u00e9rn\u00e9 Barcs \u00c1gnes<br>matematika,<br>informatika<\/figcaption><\/figure>\n\n\n\n<figure class=\"wp-block-image size-full\"><img loading=\"lazy\" decoding=\"async\" width=\"180\" height=\"270\" src=\"http:\/\/sashegyi.hu\/wp-content\/uploads\/2025\/06\/image-13.jpeg\" alt=\"\" class=\"wp-image-544\"\/><figcaption class=\"wp-element-caption\">Ferencsik Rita&nbsp;<br>angol, testnevel\u00e9s<\/figcaption><\/figure>\n\n\n\n<figure class=\"wp-block-image size-full\"><img loading=\"lazy\" decoding=\"async\" width=\"180\" height=\"270\" src=\"http:\/\/sashegyi.hu\/wp-content\/uploads\/2025\/06\/image-56.jpeg\" alt=\"\" class=\"wp-image-587\"\/><figcaption class=\"wp-element-caption\">G\u00f6rg\u00f6s Orsolya&nbsp;<br>tan\u00edt\u00f3<\/figcaption><\/figure>\n\n\n\n<figure class=\"wp-block-image size-full\"><img loading=\"lazy\" decoding=\"async\" width=\"180\" height=\"270\" src=\"http:\/\/sashegyi.hu\/wp-content\/uploads\/2025\/06\/image-14.jpeg\" alt=\"\" class=\"wp-image-545\"\/><figcaption class=\"wp-element-caption\">Gy\u00e9m\u00e1nt \u00c1d\u00e1m&nbsp;<br>n\u00e9pt\u00e1nc<\/figcaption><\/figure>\n\n\n\n<figure class=\"wp-block-image size-full\"><img loading=\"lazy\" decoding=\"async\" width=\"180\" height=\"270\" src=\"http:\/\/sashegyi.hu\/wp-content\/uploads\/2025\/06\/image-15.jpeg\" alt=\"\" class=\"wp-image-546\"\/><figcaption class=\"wp-element-caption\">Harangi Ren\u00e1ta<br>tan\u00edt\u00f3<\/figcaption><\/figure>\n\n\n\n<figure class=\"wp-block-image size-full\"><img loading=\"lazy\" decoding=\"async\" width=\"180\" height=\"270\" src=\"http:\/\/sashegyi.hu\/wp-content\/uploads\/2025\/06\/image-16.jpeg\" alt=\"\" class=\"wp-image-547\"\/><figcaption class=\"wp-element-caption\">Hlavacska Orsolya<br>tan\u00edt\u00f3, rajz<\/figcaption><\/figure>\n\n\n\n<figure class=\"wp-block-image size-full\"><img loading=\"lazy\" decoding=\"async\" width=\"180\" height=\"270\" src=\"http:\/\/sashegyi.hu\/wp-content\/uploads\/2025\/06\/image-17.jpeg\" alt=\"\" class=\"wp-image-548\"\/><figcaption class=\"wp-element-caption\">Horv\u00e1th M\u00f3nika&nbsp;<br>\u00e9nek-zene<\/figcaption><\/figure>\n\n\n\n<figure class=\"wp-block-image size-full\"><img loading=\"lazy\" decoding=\"async\" width=\"180\" height=\"270\" src=\"http:\/\/sashegyi.hu\/wp-content\/uploads\/2025\/06\/image-18.jpeg\" alt=\"\" class=\"wp-image-549\"\/><figcaption class=\"wp-element-caption\">Hotor\u00e1n Rich\u00e1rd&nbsp;<br>angol<\/figcaption><\/figure>\n\n\n\n<figure class=\"wp-block-image size-full\"><img loading=\"lazy\" decoding=\"async\" width=\"180\" height=\"270\" src=\"http:\/\/sashegyi.hu\/wp-content\/uploads\/2025\/06\/sziluett-no3.png\" alt=\"\" class=\"wp-image-618\"\/><figcaption class=\"wp-element-caption\">Kenyeres Vikt\u00f3ria<br>angol<\/figcaption><\/figure>\n\n\n\n<figure class=\"wp-block-image size-full\"><img loading=\"lazy\" decoding=\"async\" width=\"180\" height=\"270\" src=\"http:\/\/sashegyi.hu\/wp-content\/uploads\/2025\/06\/KoroknaiTarjanyiZsofia-e1749748755873.jpg\" alt=\"\" class=\"wp-image-525\"\/><figcaption class=\"wp-element-caption\">Koroknay Tarj\u00e1nyi<br>Zs\u00f3fia<br>testnevel\u00e9s<\/figcaption><\/figure>\n\n\n\n<figure class=\"wp-block-image size-full\"><img loading=\"lazy\" decoding=\"async\" width=\"180\" height=\"270\" src=\"http:\/\/sashegyi.hu\/wp-content\/uploads\/2025\/06\/image-19.jpeg\" alt=\"\" class=\"wp-image-550\"\/><figcaption class=\"wp-element-caption\">Kov\u00e1cs \u00c1gnes&nbsp;<br>angol<\/figcaption><\/figure>\n\n\n\n<figure class=\"wp-block-image size-full\"><img loading=\"lazy\" decoding=\"async\" width=\"180\" height=\"270\" src=\"http:\/\/sashegyi.hu\/wp-content\/uploads\/2025\/06\/image-20.jpeg\" alt=\"\" class=\"wp-image-551\"\/><figcaption class=\"wp-element-caption\">Kov\u00e1cs Art\u00far Gy\u00f6rgy<br>testnevel\u00e9s<\/figcaption><\/figure>\n\n\n\n<figure class=\"wp-block-image size-full\"><img loading=\"lazy\" decoding=\"async\" width=\"180\" height=\"270\" src=\"http:\/\/sashegyi.hu\/wp-content\/uploads\/2025\/06\/image-21.jpeg\" alt=\"\" class=\"wp-image-552\"\/><figcaption class=\"wp-element-caption\">Dr. Lengyel Zs\u00f3fia<br>Magdolna&nbsp;<br>biol\u00f3gia-k\u00e9mia<\/figcaption><\/figure>\n\n\n\n<figure class=\"wp-block-image size-full\"><img loading=\"lazy\" decoding=\"async\" width=\"180\" height=\"270\" src=\"http:\/\/sashegyi.hu\/wp-content\/uploads\/2025\/06\/image-22.jpeg\" alt=\"\" class=\"wp-image-553\"\/><figcaption class=\"wp-element-caption\">Mad\u00e1r P\u00e9tern\u00e9&nbsp;<br>tan\u00edt\u00f3, b\u00e1b<\/figcaption><\/figure>\n\n\n\n<figure class=\"wp-block-image size-full\"><img loading=\"lazy\" decoding=\"async\" width=\"180\" height=\"270\" src=\"http:\/\/sashegyi.hu\/wp-content\/uploads\/2025\/06\/image-23.jpeg\" alt=\"\" class=\"wp-image-554\"\/><figcaption class=\"wp-element-caption\">Marosv\u00e1ry Erika<br>informatika<\/figcaption><\/figure>\n\n\n\n<figure class=\"wp-block-image size-full\"><img loading=\"lazy\" decoding=\"async\" width=\"180\" height=\"270\" src=\"http:\/\/sashegyi.hu\/wp-content\/uploads\/2025\/06\/image-24.jpeg\" alt=\"\" class=\"wp-image-555\"\/><figcaption class=\"wp-element-caption\">M\u00e1rton Annam\u00e1ria&nbsp;<br>matematika, fizika<\/figcaption><\/figure>\n\n\n\n<figure class=\"wp-block-image size-full\"><img loading=\"lazy\" decoding=\"async\" width=\"180\" height=\"270\" src=\"http:\/\/sashegyi.hu\/wp-content\/uploads\/2025\/06\/image-25.jpeg\" alt=\"\" class=\"wp-image-556\"\/><figcaption class=\"wp-element-caption\">M\u00e9cs G\u00e1bor&nbsp;<br>tan\u00edt\u00f3<\/figcaption><\/figure>\n\n\n\n<figure class=\"wp-block-image size-full\"><img loading=\"lazy\" decoding=\"async\" width=\"180\" height=\"270\" src=\"http:\/\/sashegyi.hu\/wp-content\/uploads\/2025\/06\/image-27.jpeg\" alt=\"\" class=\"wp-image-558\"\/><figcaption class=\"wp-element-caption\">Orb\u00e1nn\u00e9 J\u00e1vorics<br>Judit&nbsp;<br>tan\u00edt\u00f3, rajz<\/figcaption><\/figure>\n\n\n\n<figure class=\"wp-block-image size-full\"><img loading=\"lazy\" decoding=\"async\" width=\"180\" height=\"270\" src=\"http:\/\/sashegyi.hu\/wp-content\/uploads\/2025\/06\/image-29.jpeg\" alt=\"\" class=\"wp-image-560\"\/><figcaption class=\"wp-element-caption\">Patai Orsolya\u00a0<br>f\u00f6ldrajz, biol\u00f3gia<br>D\u00d6K seg\u00edt\u0151 tan\u00e1r<\/figcaption><\/figure>\n\n\n\n<figure class=\"wp-block-image size-full\"><img loading=\"lazy\" decoding=\"async\" width=\"180\" height=\"270\" src=\"http:\/\/sashegyi.hu\/wp-content\/uploads\/2025\/06\/image-30.jpeg\" alt=\"\" class=\"wp-image-561\"\/><figcaption class=\"wp-element-caption\">P\u00e1ll Judit&nbsp;<br>tan\u00edt\u00f3<\/figcaption><\/figure>\n\n\n\n<figure class=\"wp-block-image size-full\"><img loading=\"lazy\" decoding=\"async\" width=\"180\" height=\"270\" src=\"http:\/\/sashegyi.hu\/wp-content\/uploads\/2025\/06\/image-31.jpeg\" alt=\"\" class=\"wp-image-562\"\/><figcaption class=\"wp-element-caption\">P\u00e1pai P\u00e9ter M\u00e1ty\u00e1s&nbsp;<br>matematika<\/figcaption><\/figure>\n\n\n\n<figure class=\"wp-block-image size-full\"><img loading=\"lazy\" decoding=\"async\" width=\"180\" height=\"270\" src=\"http:\/\/sashegyi.hu\/wp-content\/uploads\/2025\/06\/image-32.jpeg\" alt=\"\" class=\"wp-image-563\"\/><figcaption class=\"wp-element-caption\">Pet\u0151-L\u00e1b\u00e1n Anna&nbsp;<br>t\u00f6rt\u00e9nelem<\/figcaption><\/figure>\n\n\n\n<figure class=\"wp-block-image size-full\"><img loading=\"lazy\" decoding=\"async\" width=\"180\" height=\"270\" src=\"http:\/\/sashegyi.hu\/wp-content\/uploads\/2025\/06\/image-34.jpeg\" alt=\"\" class=\"wp-image-565\"\/><figcaption class=\"wp-element-caption\">R\u00e9v\u00e9sz Andr\u00e1s&nbsp;<br>rendszergazda<\/figcaption><\/figure>\n\n\n\n<figure class=\"wp-block-image size-full\"><img loading=\"lazy\" decoding=\"async\" width=\"180\" height=\"270\" src=\"http:\/\/sashegyi.hu\/wp-content\/uploads\/2025\/06\/image-35.jpeg\" alt=\"\" class=\"wp-image-566\"\/><figcaption class=\"wp-element-caption\">Rupert Vilmosn\u00e9&nbsp;<br>tan\u00edt\u00f3<\/figcaption><\/figure>\n\n\n\n<figure class=\"wp-block-image size-full\"><img loading=\"lazy\" decoding=\"async\" width=\"180\" height=\"270\" src=\"http:\/\/sashegyi.hu\/wp-content\/uploads\/2025\/06\/image-36.jpeg\" alt=\"\" class=\"wp-image-567\"\/><figcaption class=\"wp-element-caption\">Schieszln\u00e9 T\u00f3th Ir\u00e9n&nbsp;<br>magyar, erk\u00f6lcstan<\/figcaption><\/figure>\n\n\n\n<figure class=\"wp-block-image size-full\"><img loading=\"lazy\" decoding=\"async\" width=\"180\" height=\"270\" src=\"http:\/\/sashegyi.hu\/wp-content\/uploads\/2025\/06\/image-37.jpeg\" alt=\"\" class=\"wp-image-568\"\/><figcaption class=\"wp-element-caption\">Schneider Szilvia&nbsp;<br>n\u00e9met<\/figcaption><\/figure>\n\n\n\n<figure class=\"wp-block-image size-full\"><img loading=\"lazy\" decoding=\"async\" width=\"180\" height=\"270\" src=\"http:\/\/sashegyi.hu\/wp-content\/uploads\/2025\/06\/image-38.jpeg\" alt=\"\" class=\"wp-image-569\"\/><figcaption class=\"wp-element-caption\">Seres J\u00e1nos Ferenc&nbsp;<br>technika<\/figcaption><\/figure>\n\n\n\n<figure class=\"wp-block-image size-full\"><img loading=\"lazy\" decoding=\"async\" width=\"180\" height=\"270\" src=\"http:\/\/sashegyi.hu\/wp-content\/uploads\/2025\/06\/image-39.jpeg\" alt=\"\" class=\"wp-image-570\"\/><figcaption class=\"wp-element-caption\">Sobj\u00e1kn\u00e9 D\u00fcrr Erika&nbsp;<br>tan\u00edt\u00f3<\/figcaption><\/figure>\n\n\n\n<figure class=\"wp-block-image size-full\"><img loading=\"lazy\" decoding=\"async\" width=\"180\" height=\"270\" src=\"http:\/\/sashegyi.hu\/wp-content\/uploads\/2025\/06\/image-40.jpeg\" alt=\"\" class=\"wp-image-571\"\/><figcaption class=\"wp-element-caption\">Szab\u00f3 Istv\u00e1nn\u00e9<br>napk\u00f6zi<\/figcaption><\/figure>\n\n\n\n<figure class=\"wp-block-image size-full\"><img loading=\"lazy\" decoding=\"async\" width=\"180\" height=\"270\" src=\"http:\/\/sashegyi.hu\/wp-content\/uploads\/2025\/06\/sziluett-no3.png\" alt=\"\" class=\"wp-image-618\"\/><figcaption class=\"wp-element-caption\">Szalai Lenke&nbsp;<br>angol<\/figcaption><\/figure>\n\n\n\n<figure class=\"wp-block-image size-full\"><img loading=\"lazy\" decoding=\"async\" width=\"180\" height=\"270\" src=\"http:\/\/sashegyi.hu\/wp-content\/uploads\/2025\/11\/SzandanyiAkos.jpg\" alt=\"\" class=\"wp-image-814\"\/><figcaption class=\"wp-element-caption\">Szand\u00e1nyi \u00c1kos&nbsp;<br>digit\u00e1lis kult\u00fara<\/figcaption><\/figure>\n\n\n\n<figure class=\"wp-block-image size-full\"><img loading=\"lazy\" decoding=\"async\" width=\"180\" height=\"270\" src=\"http:\/\/sashegyi.hu\/wp-content\/uploads\/2026\/02\/szatmari-gyorgy.jpg\" alt=\"\" class=\"wp-image-886\"\/><figcaption class=\"wp-element-caption\">Szatm\u00e1ri Gy\u00f6rgy<br>testnevel\u00e9s<\/figcaption><\/figure>\n\n\n\n<figure class=\"wp-block-image size-full\"><img loading=\"lazy\" decoding=\"async\" width=\"180\" height=\"270\" src=\"http:\/\/sashegyi.hu\/wp-content\/uploads\/2025\/06\/sziluett-no3.png\" alt=\"\" class=\"wp-image-618\"\/><figcaption class=\"wp-element-caption\">Szente Krisztina<br>magyar<\/figcaption><\/figure>\n\n\n\n<figure class=\"wp-block-image size-full\"><img loading=\"lazy\" decoding=\"async\" width=\"180\" height=\"270\" src=\"http:\/\/sashegyi.hu\/wp-content\/uploads\/2025\/06\/image-41.jpeg\" alt=\"\" class=\"wp-image-572\"\/><figcaption class=\"wp-element-caption\">Szentmikl\u00f3ssy-Kov\u00e1cs<br>Zsuzsanna&nbsp;<br>magyar, angol<\/figcaption><\/figure>\n\n\n\n<figure class=\"wp-block-image size-full\"><img loading=\"lazy\" decoding=\"async\" width=\"180\" height=\"270\" src=\"http:\/\/sashegyi.hu\/wp-content\/uploads\/2025\/06\/image-42.jpeg\" alt=\"\" class=\"wp-image-573\"\/><figcaption class=\"wp-element-caption\">Dr. Szereczn\u00e9<br>Nyerges \u00c1gnes&nbsp;<br>tan\u00edt\u00f3,<br>fejleszt\u0151pedag\u00f3gus<\/figcaption><\/figure>\n\n\n\n<figure class=\"wp-block-image size-full\"><img loading=\"lazy\" decoding=\"async\" width=\"180\" height=\"270\" src=\"http:\/\/sashegyi.hu\/wp-content\/uploads\/2025\/06\/image-43.jpeg\" alt=\"\" class=\"wp-image-574\"\/><figcaption class=\"wp-element-caption\">Szommer\u2013Varga J\u00falia&nbsp;<br>fejleszt\u0151pedag\u00f3gus<\/figcaption><\/figure>\n\n\n\n<figure class=\"wp-block-image size-full\"><img loading=\"lazy\" decoding=\"async\" width=\"180\" height=\"270\" src=\"http:\/\/sashegyi.hu\/wp-content\/uploads\/2025\/06\/image-44.jpeg\" alt=\"\" class=\"wp-image-575\"\/><figcaption class=\"wp-element-caption\">Tak\u00e1cs Bal\u00e1zs<br>matematika<\/figcaption><\/figure>\n\n\n\n<figure class=\"wp-block-image size-full\"><img loading=\"lazy\" decoding=\"async\" width=\"180\" height=\"270\" src=\"http:\/\/sashegyi.hu\/wp-content\/uploads\/2025\/06\/image-45.jpeg\" alt=\"\" class=\"wp-image-576\"\/><figcaption class=\"wp-element-caption\">T\u00f3th Veronika<br>fejleszt\u0151pedag\u00f3gus<\/figcaption><\/figure>\n\n\n\n<figure class=\"wp-block-image size-full\"><img loading=\"lazy\" decoding=\"async\" width=\"180\" height=\"270\" src=\"http:\/\/sashegyi.hu\/wp-content\/uploads\/2025\/06\/image-46.jpeg\" alt=\"\" class=\"wp-image-577\"\/><figcaption class=\"wp-element-caption\">Turcs\u00e1ny B\u00edbor Anna<br>tan\u00edt\u00f3<\/figcaption><\/figure>\n\n\n\n<figure class=\"wp-block-image size-full\"><img loading=\"lazy\" decoding=\"async\" width=\"180\" height=\"270\" src=\"http:\/\/sashegyi.hu\/wp-content\/uploads\/2025\/06\/sziluett-no3.png\" alt=\"\" class=\"wp-image-618\"\/><figcaption class=\"wp-element-caption\">Varga Erzs\u00e9bet<br>Dorottya<br>magyar-t\u00f6rt\u00e9nelem<\/figcaption><\/figure>\n\n\n\n<figure class=\"wp-block-image size-full\"><img loading=\"lazy\" decoding=\"async\" width=\"180\" height=\"270\" src=\"http:\/\/sashegyi.hu\/wp-content\/uploads\/2025\/06\/image-47.jpeg\" alt=\"\" class=\"wp-image-578\"\/><figcaption class=\"wp-element-caption\">Varga Dorottya&nbsp;<br>angol<\/figcaption><\/figure>\n\n\n\n<figure class=\"wp-block-image size-full\"><img loading=\"lazy\" decoding=\"async\" width=\"180\" height=\"270\" src=\"http:\/\/sashegyi.hu\/wp-content\/uploads\/2025\/06\/image-48.jpeg\" alt=\"\" class=\"wp-image-579\"\/><figcaption class=\"wp-element-caption\">Zilahin\u00e9 Szeg\u0151 Vikt\u00f3ria&nbsp;<br>tan\u00edt\u00f3<\/figcaption><\/figure>\n\n\n\n<\/div>\n\n\n\n<h2 class=\"wp-block-heading\" id=\"pszichologus\">Iskolapszichol\u00f3gus<\/h2>\n\n\n\n<div class=\"photo-tiles\">\n\n\n\n<figure class=\"wp-block-image size-full\"><img loading=\"lazy\" decoding=\"async\" width=\"180\" height=\"270\" src=\"http:\/\/sashegyi.hu\/wp-content\/uploads\/2025\/06\/image-49.jpeg\" alt=\"\" class=\"wp-image-580\"\/><figcaption class=\"wp-element-caption\">P\u00e1zm\u00e1ndi Kata<br>iskolapszichol\u00f3gus<\/figcaption><\/figure>\n\n\n\n<\/div>\n\n\n\n<h2 class=\"wp-block-heading\" id=\"ped-aszisztens\">Szoci\u00e1lis asszisztens<\/h2>\n\n\n\n<div class=\"photo-tiles\">\n\n\n\n<figure class=\"wp-block-image size-full\"><img loading=\"lazy\" decoding=\"async\" width=\"180\" height=\"270\" src=\"http:\/\/sashegyi.hu\/wp-content\/uploads\/2025\/06\/sziluett-no3.png\" alt=\"\" class=\"wp-image-618\"\/><figcaption class=\"wp-element-caption\">Konkoly Annam\u00e1ria<br>szoci\u00e1lis asszisztens<\/figcaption><\/figure>\n\n\n\n<\/div>\n\n\n\n<h2 class=\"wp-block-heading\">Pedag\u00f3giai asszisztens<\/h2>\n\n\n\n<div class=\"photo-tiles\">\n\n\n\n<figure class=\"wp-block-image size-full\"><img loading=\"lazy\" decoding=\"async\" width=\"180\" height=\"270\" src=\"http:\/\/sashegyi.hu\/wp-content\/uploads\/2025\/06\/image-50.jpeg\" alt=\"\" class=\"wp-image-581\"\/><figcaption class=\"wp-element-caption\">G\u00e1l S\u00e1ndorn\u00e9<br>pedag\u00f3giai<br>asszisztens<\/figcaption><\/figure>\n\n\n\n<\/div>\n\n\n\n<h2 class=\"wp-block-heading\" id=\"ped-aszisztens\">Titk\u00e1rs\u00e1g<\/h2>\n\n\n\n<div class=\"photo-tiles\">\n\n\n\n<figure class=\"wp-block-image size-full\"><img loading=\"lazy\" decoding=\"async\" width=\"180\" height=\"270\" src=\"http:\/\/sashegyi.hu\/wp-content\/uploads\/2025\/06\/image-51.jpeg\" alt=\"\" class=\"wp-image-582\"\/><figcaption class=\"wp-element-caption\">Horv\u00e1thn\u00e9 \u00c1d\u00e1m<br>Erzs\u00e9bet&nbsp;<br>iskolatitk\u00e1r<\/figcaption><\/figure>\n\n\n\n<figure class=\"wp-block-image size-full\"><img loading=\"lazy\" decoding=\"async\" width=\"180\" height=\"270\" src=\"http:\/\/sashegyi.hu\/wp-content\/uploads\/2025\/06\/image-52.jpeg\" alt=\"\" class=\"wp-image-583\"\/><figcaption class=\"wp-element-caption\">Moln\u00e1rn\u00e9 Varr\u00f3 Andrea&nbsp;<br>iskolatitk\u00e1r<\/figcaption><\/figure>\n\n\n\n<\/div>\n\n\n\n<h2 class=\"wp-block-heading\" id=\"technikai\">Technikai munkat\u00e1rsak<\/h2>\n\n\n\n<div class=\"photo-tiles\">\n\n\n\n<figure class=\"wp-block-image size-full\"><img loading=\"lazy\" decoding=\"async\" width=\"180\" height=\"270\" src=\"http:\/\/sashegyi.hu\/wp-content\/uploads\/2025\/06\/sziluett-no3.png\" alt=\"\" class=\"wp-image-618\"\/><figcaption class=\"wp-element-caption\">Hajla Margit<\/figcaption><\/figure>\n\n\n\n<figure class=\"wp-block-image size-full\"><img loading=\"lazy\" decoding=\"async\" width=\"180\" height=\"270\" src=\"http:\/\/sashegyi.hu\/wp-content\/uploads\/2025\/06\/image-53.jpeg\" alt=\"\" class=\"wp-image-584\"\/><figcaption class=\"wp-element-caption\">K\u00e1llain\u00e9 Richter<br>Annam\u00e1ria<\/figcaption><\/figure>\n\n\n\n<figure class=\"wp-block-image size-full\"><img loading=\"lazy\" decoding=\"async\" width=\"180\" height=\"270\" src=\"http:\/\/sashegyi.hu\/wp-content\/uploads\/2025\/06\/sziluett-no3.png\" alt=\"\" class=\"wp-image-618\"\/><figcaption class=\"wp-element-caption\">Karsai J\u00e1nosn\u00e9<\/figcaption><\/figure>\n\n\n\n<figure class=\"wp-block-image size-full\"><img loading=\"lazy\" decoding=\"async\" width=\"180\" height=\"270\" src=\"http:\/\/sashegyi.hu\/wp-content\/uploads\/2025\/06\/image-54.jpeg\" alt=\"\" class=\"wp-image-585\"\/><figcaption class=\"wp-element-caption\">Kov\u00e1cs Gy\u00f6ngyi<\/figcaption><\/figure>\n\n\n\n<figure class=\"wp-block-image size-full\"><img loading=\"lazy\" decoding=\"async\" width=\"180\" height=\"270\" src=\"http:\/\/sashegyi.hu\/wp-content\/uploads\/2025\/06\/sziluett-no3.png\" alt=\"\" class=\"wp-image-618\"\/><figcaption class=\"wp-element-caption\">Mark\u00f3 Ildik\u00f3<\/figcaption><\/figure>\n\n\n\n<figure class=\"wp-block-image size-full\"><img loading=\"lazy\" decoding=\"async\" width=\"180\" height=\"270\" src=\"http:\/\/sashegyi.hu\/wp-content\/uploads\/2025\/06\/sziluett-ferfi2-e1749748795269.png\" alt=\"\" class=\"wp-image-542\"\/><figcaption class=\"wp-element-caption\">M\u00fcller Korn\u00e9l<\/figcaption><\/figure>\n\n\n\n<figure class=\"wp-block-image size-full\"><img loading=\"lazy\" decoding=\"async\" width=\"180\" height=\"270\" src=\"http:\/\/sashegyi.hu\/wp-content\/uploads\/2025\/06\/sziluett-no3.png\" alt=\"\" class=\"wp-image-618\"\/><figcaption class=\"wp-element-caption\">Pet\u0151 L\u00e1szl\u00f3n\u00e9<\/figcaption><\/figure>\n\n\n\n<figure class=\"wp-block-image size-full\"><img loading=\"lazy\" decoding=\"async\" width=\"180\" height=\"270\" src=\"http:\/\/sashegyi.hu\/wp-content\/uploads\/2025\/06\/sziluett-ferfi2-e1749748795269.png\" alt=\"\" class=\"wp-image-542\"\/><figcaption class=\"wp-element-caption\">Szommer K\u00e1roly<\/figcaption><\/figure>\n\n\n\n<figure class=\"wp-block-image size-full\"><img loading=\"lazy\" decoding=\"async\" width=\"180\" height=\"270\" src=\"http:\/\/sashegyi.hu\/wp-content\/uploads\/2025\/06\/image-55.jpeg\" alt=\"\" class=\"wp-image-586\"\/><figcaption class=\"wp-element-caption\">Varga Erika<\/figcaption><\/figure>\n\n\n\n<\/div>\n","protected":false},"excerpt":{"rendered":"<p>Igazgat\u00f3s\u00e1g Pedag\u00f3gusok Iskolapszichol\u00f3gus Szoci\u00e1lis asszisztens Pedag\u00f3giai asszisztens Titk\u00e1rs\u00e1g Technikai munkat\u00e1rsak<\/p>\n","protected":false},"author":2,"featured_media":0,"parent":0,"menu_order":0,"comment_status":"closed","ping_status":"closed","template":"","meta":{"footnotes":""},"class_list":["post-485","page","type-page","status-publish","hentry"],"_links":{"self":[{"href":"http:\/\/sashegyi.hu\/index.php?rest_route=\/wp\/v2\/pages\/485","targetHints":{"allow":["GET"]}}],"collection":[{"href":"http:\/\/sashegyi.hu\/index.php?rest_route=\/wp\/v2\/pages"}],"about":[{"href":"http:\/\/sashegyi.hu\/index.php?rest_route=\/wp\/v2\/types\/page"}],"author":[{"embeddable":true,"href":"http:\/\/sashegyi.hu\/index.php?rest_route=\/wp\/v2\/users\/2"}],"replies":[{"embeddable":true,"href":"http:\/\/sashegyi.hu\/index.php?rest_route=%2Fwp%2Fv2%2Fcomments&post=485"}],"version-history":[{"count":39,"href":"http:\/\/sashegyi.hu\/index.php?rest_route=\/wp\/v2\/pages\/485\/revisions"}],"predecessor-version":[{"id":889,"href":"http:\/\/sashegyi.hu\/index.php?rest_route=\/wp\/v2\/pages\/485\/revisions\/889"}],"wp:attachment":[{"href":"http:\/\/sashegyi.hu\/index.php?rest_route=%2Fwp%2Fv2%2Fmedia&parent=485"}],"curies":[{"name":"wp","href":"https:\/\/api.w.org\/{rel}","templated":true}]}}