{"id":449,"date":"2025-05-12T08:55:14","date_gmt":"2025-05-12T06:55:14","guid":{"rendered":"http:\/\/sashegyi.hu\/go\/?page_id=449"},"modified":"2026-04-15T21:24:42","modified_gmt":"2026-04-15T19:24:42","slug":"beiratkozas-az-altalanos-iskolaba","status":"publish","type":"page","link":"http:\/\/sashegyi.hu\/?page_id=449","title":{"rendered":"Beiratkoz\u00e1s \u00e1ltal\u00e1nos iskol\u00e1ba"},"content":{"rendered":"\n<p>Az online beiratkoz\u00e1s fel\u00fclete ezen a c\u00edmen \u00e9rhet\u0151 el: <a href=\"https:\/\/eugyintezes.e-kreta.hu\/kezdolap\">KR\u00c9TA &#8211; e\u00dcgyint\u00e9z\u00e9s<\/a><\/p>\n\n\n\n<p>KR\u00c9TA tud\u00e1sb\u00e1zis a beiratkoz\u00e1sr\u00f3l: <a href=\"https:\/\/tudasbazis.ekreta.hu\/pages\/viewpage.action?pageId=17761106\" target=\"_blank\" rel=\"noreferrer noopener\">KR\u00c9TA &#8211; e\u00dcgyint\u00e9z\u00e9s &#8211; Beiratkoz\u00e1s \u00e1ltal\u00e1nos iskol\u00e1ba<\/a><\/p>\n\n\n\n<div class=\"wp-block-file\"><a id=\"wp-block-file--media-ec498ecf-9c27-4ad4-ae23-9c677a24e712\" href=\"http:\/\/sashegyi.hu\/wp-content\/uploads\/2026\/04\/BAI_Szuloi-tajekoztato_2026.pdf\">B\u00c1I_Sz\u00fcl\u0151i t\u00e1j\u00e9koztat\u00f3_2026<\/a><a href=\"http:\/\/sashegyi.hu\/wp-content\/uploads\/2026\/04\/BAI_Szuloi-tajekoztato_2026.pdf\" class=\"wp-block-file__button wp-element-button\" download aria-describedby=\"wp-block-file--media-ec498ecf-9c27-4ad4-ae23-9c677a24e712\">Let\u00f6lt\u00e9s<\/a><\/div>\n\n\n\n<p>KR\u00c9TA GYIK a beiratkoz\u00e1sr\u00f3l: <a href=\"https:\/\/tudasbazis.ekreta.hu\/pages\/viewpage.action?pageId=44007913\" target=\"_blank\" rel=\"noreferrer noopener\">Gyakran Ism\u00e9telt K\u00e9rd\u00e9sek &#8211; Beiratkoz\u00e1s \u00e1ltal\u00e1nos iskol\u00e1ba<\/a><\/p>\n\n\n\n<p>Let\u00f6lthet\u0151, kit\u00f6ltend\u0151 dokumentumok:<\/p>\n\n\n\n<div class=\"wp-block-file\"><a id=\"wp-block-file--media-97c76d0d-3a41-4087-9a8c-2ade5d0ce189\" href=\"http:\/\/sashegyi.hu\/wp-content\/uploads\/2026\/04\/Iskolai-felvetel-iranti-kerelem-alt-isk-1-oszt.docx\">Iskolai felv\u00e9tel ir\u00e1nti k\u00e9relem<\/a><a href=\"http:\/\/sashegyi.hu\/wp-content\/uploads\/2026\/04\/Iskolai-felvetel-iranti-kerelem-alt-isk-1-oszt.docx\" class=\"wp-block-file__button wp-element-button\" download aria-describedby=\"wp-block-file--media-97c76d0d-3a41-4087-9a8c-2ade5d0ce189\">Let\u00f6lt\u00e9s<\/a><\/div>\n\n\n\n<div class=\"wp-block-file\"><a id=\"wp-block-file--media-cf3c0f90-b35e-4a92-8649-f328ee18c4f1\" href=\"http:\/\/sashegyi.hu\/wp-content\/uploads\/2025\/05\/Nyilatkozat-a-gyermek-torvenyes-kepviseleterol.pdf\" target=\"_blank\" rel=\"noreferrer noopener\">Nyilatkozat a gyermek t\u00f6rv\u00e9nyes k\u00e9pviselet\u00e9r\u0151l<\/a><a href=\"http:\/\/sashegyi.hu\/wp-content\/uploads\/2025\/05\/Nyilatkozat-a-gyermek-torvenyes-kepviseleterol.pdf\" class=\"wp-block-file__button wp-element-button\" download aria-describedby=\"wp-block-file--media-cf3c0f90-b35e-4a92-8649-f328ee18c4f1\">Let\u00f6lt\u00e9s<\/a><\/div>\n\n\n\n<div class=\"wp-block-file\"><a id=\"wp-block-file--media-ff470620-1ebd-4844-8cbe-9cacbf8e4a73\" href=\"http:\/\/sashegyi.hu\/wp-content\/uploads\/2025\/05\/Nyilatkozat-az-eletvitelszeru-tartozkodasrol.pdf\" target=\"_blank\" rel=\"noreferrer noopener\">Nyilatkozat az \u00e9letvitelszer\u0171 tart\u00f3zkod\u00e1sr\u00f3l<\/a><a href=\"http:\/\/sashegyi.hu\/wp-content\/uploads\/2025\/05\/Nyilatkozat-az-eletvitelszeru-tartozkodasrol.pdf\" class=\"wp-block-file__button wp-element-button\" download aria-describedby=\"wp-block-file--media-ff470620-1ebd-4844-8cbe-9cacbf8e4a73\">Let\u00f6lt\u00e9s<\/a><\/div>\n\n\n\n<div class=\"wp-block-file\"><a id=\"wp-block-file--media-fb79e642-61c6-477d-8a5e-6747efe9952d\" href=\"http:\/\/sashegyi.hu\/wp-content\/uploads\/2025\/05\/kep-es-hangfelvetel.pdf\" target=\"_blank\" rel=\"noreferrer noopener\">Nyilatkozat k\u00e9p- \u00e9s hangfelv\u00e9telhez<\/a><a href=\"http:\/\/sashegyi.hu\/wp-content\/uploads\/2025\/05\/kep-es-hangfelvetel.pdf\" class=\"wp-block-file__button wp-element-button\" download aria-describedby=\"wp-block-file--media-fb79e642-61c6-477d-8a5e-6747efe9952d\">Let\u00f6lt\u00e9s<\/a><\/div>\n\n\n\n<div class=\"wp-block-file\"><a id=\"wp-block-file--media-d8611b15-369c-4127-a7be-425fb51778bb\" href=\"http:\/\/sashegyi.hu\/wp-content\/uploads\/2025\/05\/kep-es-hangfelvetel.doc\" target=\"_blank\" rel=\"noreferrer noopener\">Nyilatkozat k\u00e9p- \u00e9s hangfelv\u00e9telhez (Microsoft Word)<\/a><a href=\"http:\/\/sashegyi.hu\/wp-content\/uploads\/2025\/05\/kep-es-hangfelvetel.doc\" class=\"wp-block-file__button wp-element-button\" download aria-describedby=\"wp-block-file--media-d8611b15-369c-4127-a7be-425fb51778bb\">Let\u00f6lt\u00e9s<\/a><\/div>\n\n\n\n<div class=\"wp-block-file\"><a id=\"wp-block-file--media-c9b870be-f25c-4e5f-b951-9576af5871d2\" href=\"http:\/\/sashegyi.hu\/wp-content\/uploads\/2025\/05\/Szuloi-nyilatkozat-iskolapszichologusi-munkahoz.pdf\" target=\"_blank\" rel=\"noreferrer noopener\">Sz\u00fcl\u0151i nyilatkozat iskolapszichol\u00f3gusi munk\u00e1hoz<\/a><a href=\"http:\/\/sashegyi.hu\/wp-content\/uploads\/2025\/05\/Szuloi-nyilatkozat-iskolapszichologusi-munkahoz.pdf\" class=\"wp-block-file__button wp-element-button\" download aria-describedby=\"wp-block-file--media-c9b870be-f25c-4e5f-b951-9576af5871d2\">Let\u00f6lt\u00e9s<\/a><\/div>\n\n\n\n<div class=\"wp-block-file\"><a id=\"wp-block-file--media-fd2ce7b4-a4c5-4e2d-9017-65d4da5cf8af\" href=\"http:\/\/sashegyi.hu\/wp-content\/uploads\/2025\/05\/Szuloi-nyilatkozat-iskolapszichologusi-munkahoz.docx\" target=\"_blank\" rel=\"noreferrer noopener\">Sz\u00fcl\u0151i nyilatkozat iskolapszichol\u00f3gusi munk\u00e1hoz (Microsoft Word)<\/a><a href=\"http:\/\/sashegyi.hu\/wp-content\/uploads\/2025\/05\/Szuloi-nyilatkozat-iskolapszichologusi-munkahoz.docx\" class=\"wp-block-file__button wp-element-button\" download aria-describedby=\"wp-block-file--media-fd2ce7b4-a4c5-4e2d-9017-65d4da5cf8af\">Let\u00f6lt\u00e9s<\/a><\/div>\n\n\n\n<div class=\"wp-block-file\"><a id=\"wp-block-file--media-e9ff88b1-0265-4705-b48f-1a25e68f4ea3\" href=\"http:\/\/sashegyi.hu\/wp-content\/uploads\/2026\/04\/Szuloi-nyilatkozat-hit-es-erkolcstanrol-2026.docx\">Sz\u00fcl\u0151i nyilatkozat hit-\u00e9s erk\u00f6lcstanr\u00f3l (2026)<\/a><a href=\"http:\/\/sashegyi.hu\/wp-content\/uploads\/2026\/04\/Szuloi-nyilatkozat-hit-es-erkolcstanrol-2026.docx\" class=\"wp-block-file__button wp-element-button\" download aria-describedby=\"wp-block-file--media-e9ff88b1-0265-4705-b48f-1a25e68f4ea3\">Let\u00f6lt\u00e9s<\/a><\/div>\n\n\n\n<div class=\"wp-block-file\"><a id=\"wp-block-file--media-716f9319-e441-4347-a1a3-8237169d4805\" href=\"http:\/\/sashegyi.hu\/wp-content\/uploads\/2026\/04\/Szuloi-nyilatkozat_2026._alllergia.docx\">Sz\u00fcl\u0151i nyilatkozat allergia (2026)<\/a><a href=\"http:\/\/sashegyi.hu\/wp-content\/uploads\/2026\/04\/Szuloi-nyilatkozat_2026._alllergia.docx\" class=\"wp-block-file__button wp-element-button\" download aria-describedby=\"wp-block-file--media-716f9319-e441-4347-a1a3-8237169d4805\">Let\u00f6lt\u00e9s<\/a><\/div>\n\n\n\n<p><\/p>\n","protected":false},"excerpt":{"rendered":"<p>Az online beiratkoz\u00e1s fel\u00fclete ezen a c\u00edmen \u00e9rhet\u0151 el: KR\u00c9TA &#8211; e\u00dcgyint\u00e9z\u00e9s KR\u00c9TA tud\u00e1sb\u00e1zis a beiratkoz\u00e1sr\u00f3l: KR\u00c9TA &#8211; e\u00dcgyint\u00e9z\u00e9s &#8211; Beiratkoz\u00e1s \u00e1ltal\u00e1nos iskol\u00e1ba KR\u00c9TA GYIK a beiratkoz\u00e1sr\u00f3l: Gyakran Ism\u00e9telt K\u00e9rd\u00e9sek &#8211; Beiratkoz\u00e1s \u00e1ltal\u00e1nos iskol\u00e1ba Let\u00f6lthet\u0151, kit\u00f6ltend\u0151 dokumentumok: Nyilatkozat a gyermek t\u00f6rv\u00e9nyes k\u00e9pviselet\u00e9r\u0151lLet\u00f6lt\u00e9s Nyilatkozat az \u00e9letvitelszer\u0171 tart\u00f3zkod\u00e1sr\u00f3lLet\u00f6lt\u00e9s Nyilatkozat k\u00e9p- \u00e9s hangfelv\u00e9telhezLet\u00f6lt\u00e9s Nyilatkozat k\u00e9p- \u00e9s hangfelv\u00e9telhez (Microsoft [&hellip;]<\/p>\n","protected":false},"author":2,"featured_media":0,"parent":0,"menu_order":0,"comment_status":"closed","ping_status":"closed","template":"","meta":{"footnotes":""},"class_list":["post-449","page","type-page","status-publish","hentry"],"_links":{"self":[{"href":"http:\/\/sashegyi.hu\/index.php?rest_route=\/wp\/v2\/pages\/449","targetHints":{"allow":["GET"]}}],"collection":[{"href":"http:\/\/sashegyi.hu\/index.php?rest_route=\/wp\/v2\/pages"}],"about":[{"href":"http:\/\/sashegyi.hu\/index.php?rest_route=\/wp\/v2\/types\/page"}],"author":[{"embeddable":true,"href":"http:\/\/sashegyi.hu\/index.php?rest_route=\/wp\/v2\/users\/2"}],"replies":[{"embeddable":true,"href":"http:\/\/sashegyi.hu\/index.php?rest_route=%2Fwp%2Fv2%2Fcomments&post=449"}],"version-history":[{"count":13,"href":"http:\/\/sashegyi.hu\/index.php?rest_route=\/wp\/v2\/pages\/449\/revisions"}],"predecessor-version":[{"id":966,"href":"http:\/\/sashegyi.hu\/index.php?rest_route=\/wp\/v2\/pages\/449\/revisions\/966"}],"wp:attachment":[{"href":"http:\/\/sashegyi.hu\/index.php?rest_route=%2Fwp%2Fv2%2Fmedia&parent=449"}],"curies":[{"name":"wp","href":"https:\/\/api.w.org\/{rel}","templated":true}]}}