{"id":411,"date":"2025-05-11T21:21:49","date_gmt":"2025-05-11T19:21:49","guid":{"rendered":"http:\/\/sashegyi.hu\/go\/?page_id=411"},"modified":"2025-06-14T16:20:51","modified_gmt":"2025-06-14T14:20:51","slug":"iskolai-szocialis-tevekenyseg","status":"publish","type":"page","link":"http:\/\/sashegyi.hu\/?page_id=411","title":{"rendered":"Iskolai szoci\u00e1lis tev\u00e9kenys\u00e9g"},"content":{"rendered":"<div class=\"wp-block-image\">\n<figure class=\"aligncenter size-full\"><img loading=\"lazy\" decoding=\"async\" width=\"945\" height=\"491\" src=\"http:\/\/sashegyi.hu\/wp-content\/uploads\/2025\/05\/image-1.png\" alt=\"\" class=\"wp-image-414\" srcset=\"http:\/\/sashegyi.hu\/wp-content\/uploads\/2025\/05\/image-1.png 945w, http:\/\/sashegyi.hu\/wp-content\/uploads\/2025\/05\/image-1-300x156.png 300w, http:\/\/sashegyi.hu\/wp-content\/uploads\/2025\/05\/image-1-768x399.png 768w\" sizes=\"auto, (max-width: 945px) 100vw, 945px\" \/><\/figure><\/div>\n\n\n<p>\u00d3vodai \u00e9s iskolai szoci\u00e1lis seg\u00edt\u0151 neve, el\u00e9rhet\u0151s\u00e9ge: <strong>Konkoly Annam\u00e1ria-Marica<\/strong>, megtal\u00e1lhat\u00f3 a <strong>II. emelet<\/strong>, <strong>St\u00fadi\u00f3 szob\u00e1<\/strong>ban, \u00fcgyf\u00e9lfogad\u00e1sa <strong>cs\u00fct\u00f6rt\u00f6k\u00f6n 8.30-14.00 k\u00f6z\u00f6tt<\/strong>.<\/p>\n\n\n\n<p>Amennyiben a fenti id\u0151pont nem megfelel\u0151, lehet\u0151s\u00e9g van a szem\u00e9lyes id\u0151pont egyeztet\u00e9sre a <strong><a href=\"tel:06202171664\">06-20-2171664<\/a><\/strong>-es telefonsz\u00e1mon.<\/p>\n\n\n\n<p>Az \u00f3vodai \u00e9s iskolai seg\u00edt\u0151 szolg\u00e1ltat\u00e1s az iskol\u00e1kban \u00e9s az \u00f3vod\u00e1kban biztos\u00edtott prevent\u00edv jelleg\u0171 seg\u00edt\u0151 tev\u00e9kenys\u00e9g, amelynek c\u00e9lja a gyerekek vesz\u00e9lyeztetetts\u00e9g\u00e9nek megel\u0151z\u00e9se, kezel\u00e9se a szoci\u00e1lis seg\u00edt\u0151 munka eszk\u00f6zeivel.<\/p>\n\n\n\n<p>Az \u00f3vodai \u00e9s iskolai szoci\u00e1lis seg\u00edt\u0151 egy\u00e9ni, csoportos \u00e9s k\u00f6z\u00f6ss\u00e9gi szoci\u00e1lis munk\u00e1t v\u00e9gez, valamint gyermek- \u00e9s ifj\u00fas\u00e1gv\u00e9delmi feladatokat l\u00e1t el.<\/p>\n\n\n\n<p>A gyermekek, tanul\u00f3k, sz\u00fcl\u0151k \u00e9s pedag\u00f3gusok r\u00e9sz\u00e9re adekv\u00e1t szakmai seg\u00edts\u00e9get ny\u00fajt: t\u00f6bbek k\u00f6z\u00f6tt inform\u00e1ci\u00f3t szolg\u00e1ltat, tan\u00e1csad\u00e1st ny\u00fajt, prevenci\u00f3s foglalkoz\u00e1sokat tart, \u00fcgyint\u00e9z\u00e9sben ny\u00fajt seg\u00edts\u00e9get, szolg\u00e1ltat\u00e1sokhoz val\u00f3 hozz\u00e1f\u00e9r\u00e9st k\u00f6zvet\u00edt.<\/p>\n\n\n\n<p>Az iskolai szoci\u00e1lis seg\u00edt\u0151t a gyermekek \u00e9s sz\u00fcl\u0151k <strong>\u00f6nk\u00e9nt<\/strong> megkereshetik, ha tan\u00e1csra van sz\u00fcks\u00e9g\u00fck a probl\u00e9m\u00e1juk megold\u00e1s\u00e1ban, lehet\u0151s\u00e9geik felt\u00e9rk\u00e9pez\u00e9s\u00e9ben.<\/p>\n\n\n\n<p>A szolg\u00e1ltat\u00e1s <strong>t\u00e9r\u00edt\u00e9smentes<\/strong>, ig\u00e9nybev\u00e9tel\u00e9hez a sz\u00fcl\u0151 hozz\u00e1j\u00e1rul\u00f3 nyilatkozata sz\u00fcks\u00e9ges.<\/p>\n","protected":false},"excerpt":{"rendered":"<p>\u00d3vodai \u00e9s iskolai szoci\u00e1lis seg\u00edt\u0151 neve, el\u00e9rhet\u0151s\u00e9ge: Konkoly Annam\u00e1ria-Marica, megtal\u00e1lhat\u00f3 a II. emelet, St\u00fadi\u00f3 szob\u00e1ban, \u00fcgyf\u00e9lfogad\u00e1sa cs\u00fct\u00f6rt\u00f6k\u00f6n 8.30-14.00 k\u00f6z\u00f6tt. Amennyiben a fenti id\u0151pont nem megfelel\u0151, lehet\u0151s\u00e9g van a szem\u00e9lyes id\u0151pont egyeztet\u00e9sre a -es telefonsz\u00e1mon. Az \u00f3vodai \u00e9s iskolai seg\u00edt\u0151 szolg\u00e1ltat\u00e1s az iskol\u00e1kban \u00e9s az \u00f3vod\u00e1kban biztos\u00edtott prevent\u00edv jelleg\u0171 seg\u00edt\u0151 tev\u00e9kenys\u00e9g, amelynek c\u00e9lja a gyerekek vesz\u00e9lyeztetetts\u00e9g\u00e9nek [&hellip;]<\/p>\n","protected":false},"author":2,"featured_media":0,"parent":0,"menu_order":0,"comment_status":"closed","ping_status":"closed","template":"","meta":{"footnotes":""},"class_list":["post-411","page","type-page","status-publish","hentry"],"_links":{"self":[{"href":"http:\/\/sashegyi.hu\/index.php?rest_route=\/wp\/v2\/pages\/411","targetHints":{"allow":["GET"]}}],"collection":[{"href":"http:\/\/sashegyi.hu\/index.php?rest_route=\/wp\/v2\/pages"}],"about":[{"href":"http:\/\/sashegyi.hu\/index.php?rest_route=\/wp\/v2\/types\/page"}],"author":[{"embeddable":true,"href":"http:\/\/sashegyi.hu\/index.php?rest_route=\/wp\/v2\/users\/2"}],"replies":[{"embeddable":true,"href":"http:\/\/sashegyi.hu\/index.php?rest_route=%2Fwp%2Fv2%2Fcomments&post=411"}],"version-history":[{"count":4,"href":"http:\/\/sashegyi.hu\/index.php?rest_route=\/wp\/v2\/pages\/411\/revisions"}],"predecessor-version":[{"id":670,"href":"http:\/\/sashegyi.hu\/index.php?rest_route=\/wp\/v2\/pages\/411\/revisions\/670"}],"wp:attachment":[{"href":"http:\/\/sashegyi.hu\/index.php?rest_route=%2Fwp%2Fv2%2Fmedia&parent=411"}],"curies":[{"name":"wp","href":"https:\/\/api.w.org\/{rel}","templated":true}]}}