{"id":23,"date":"2025-04-15T09:03:06","date_gmt":"2025-04-15T09:03:06","guid":{"rendered":"http:\/\/sashegyi.hu\/go\/?page_id=23"},"modified":"2025-04-15T09:03:06","modified_gmt":"2025-04-15T09:03:06","slug":"kepzesi-kinalat","status":"publish","type":"page","link":"http:\/\/sashegyi.hu\/?page_id=23","title":{"rendered":"K\u00e9pz\u00e9si k\u00edn\u00e1lat"},"content":{"rendered":"\n<ul class=\"wp-block-list\">\n<li>M\u0170V\u00c9SZETI OSZT\u00c1LY<\/li>\n\n\n\n<li>ANGOLOS OSZT\u00c1LY<\/li>\n<\/ul>\n\n\n\n<p>\u00c1ltal\u00e1nos iskol\u00e1nkban csal\u00e1dias l\u00e9gk\u00f6rben zajlik az oktat\u00e1s. Az \u00e1ltal\u00e1nos k\u00e9pz\u00e9sen t\u00fal, profilunkat nagyban meghat\u00e1rozza az angol oktat\u00e1s, valamint a m\u0171v\u00e9sztan\u00e1rok jelenl\u00e9te als\u00f3 \u00e9s fels\u0151 tagozaton:<\/p>\n\n\n\n<ul class=\"wp-block-list\">\n<li>Hlavacska Orsolya (k\u00e9pz\u0151m\u0171v\u00e9szet) \u2013\u00a0<strong>rajz<\/strong><\/li>\n\n\n\n<li>Horv\u00e1th M\u00f3nika (zenem\u0171v\u00e9sz) \u2013\u00a0<strong>\u00e9nek, k\u00f3rus<\/strong><\/li>\n\n\n\n<li>Nagyn\u00e9 Farkas Annam\u00e1ria (\u00e9nekm\u0171v\u00e9sz)<\/li>\n\n\n\n<li>Seres J\u00e1nos (szobr\u00e1sz) \u2013\u00a0<strong>technika, szobr\u00e1sz szakk\u00f6r<\/strong><\/li>\n\n\n\n<li>Gy\u00e9m\u00e1nt \u00c1d\u00e1m (t\u00e1ncm\u0171v\u00e9sz) \u2013\u00a0<strong>n\u00e9pt\u00e1nc<\/strong>.<\/li>\n<\/ul>\n\n\n\n<p>Az als\u00f3 tagozatos oktat\u00e1sunkat tov\u00e1bb sz\u00ednes\u00edti:<\/p>\n\n\n\n<ul class=\"wp-block-list\">\n<li>Mad\u00e1r P\u00e9tern\u00e9 \u2013\u00a0<strong>b\u00e1b szakk\u00f6r<\/strong><\/li>\n\n\n\n<li>M\u00e9cs G\u00e1bor \u2013\u00a0<strong>Di\u00e1k Olimpia<\/strong>.<\/li>\n<\/ul>\n\n\n\n<p>Iskol\u00e1nk fest\u0151i k\u00f6rnyezetben, a Teleki-Wattay kast\u00e9ly \u00e9s a M\u0171v\u00e9szeti Iskola mellett tal\u00e1lhat\u00f3, \u00edgy lehet\u0151s\u00e9g ny\u00edlik di\u00e1kjaink sz\u00e1m\u00e1ra, hogy a d\u00e9lut\u00e1ni id\u0151szakban m\u0171v\u00e9szetet tanuljanak. K\u00e9t, k\u00fcl\u00f6n iskolak\u00e9nt, m\u00e9gis j\u00f3 szakmai egy\u00fcttm\u0171k\u00f6d\u00e9sben oktatjuk \u00e9s nevelj\u00fck egy\u00fctt gyermekeinket. A k\u00e9t int\u00e9zm\u00e9ny k\u00f6z\u00f6tti biztons\u00e1gos \u00e1tj\u00e1r\u00e1st a k\u00e9t udvart \u00f6sszekapcsol\u00f3 \u201earanykapu\u201d biztos\u00edtja.<\/p>\n\n\n\n<p>Nagy hangs\u00falyt fektet\u00fcnk az idegen nyelv oktat\u00e1s\u00e1ra, melyet els\u0151t\u0151l tizenkettedik oszt\u00e1lyig biztos\u00edtunk.<\/p>\n\n\n\n<p><strong>Sport szakk\u00f6r\u00f6k piciknek<\/strong>: j\u00e1t\u00e9kos torna, t\u00f6megsport<\/p>\n\n\n\n<p><strong>Sport szakk\u00f6r\u00f6k nagyoknak<\/strong>: r\u00f6plabda, kos\u00e1rlabda, foci, k\u00e9zilabda.<\/p>\n\n\n\n<p>Minden \u00e9vfolyamon: felz\u00e1rk\u00f3ztat\u00e1s, korrepet\u00e1l\u00e1s, versenyfelk\u00e9sz\u00edt\u00e9s, tehets\u00e9ggondoz\u00e1s.<\/p>\n","protected":false},"excerpt":{"rendered":"<p>\u00c1ltal\u00e1nos iskol\u00e1nkban csal\u00e1dias l\u00e9gk\u00f6rben zajlik az oktat\u00e1s. Az \u00e1ltal\u00e1nos k\u00e9pz\u00e9sen t\u00fal, profilunkat nagyban meghat\u00e1rozza az angol oktat\u00e1s, valamint a m\u0171v\u00e9sztan\u00e1rok jelenl\u00e9te als\u00f3 \u00e9s fels\u0151 tagozaton: Az als\u00f3 tagozatos oktat\u00e1sunkat tov\u00e1bb sz\u00ednes\u00edti: Iskol\u00e1nk fest\u0151i k\u00f6rnyezetben, a Teleki-Wattay kast\u00e9ly \u00e9s a M\u0171v\u00e9szeti Iskola mellett tal\u00e1lhat\u00f3, \u00edgy lehet\u0151s\u00e9g ny\u00edlik di\u00e1kjaink sz\u00e1m\u00e1ra, hogy a d\u00e9lut\u00e1ni id\u0151szakban m\u0171v\u00e9szetet tanuljanak. K\u00e9t, [&hellip;]<\/p>\n","protected":false},"author":2,"featured_media":0,"parent":0,"menu_order":0,"comment_status":"closed","ping_status":"closed","template":"","meta":{"footnotes":""},"class_list":["post-23","page","type-page","status-publish","hentry"],"_links":{"self":[{"href":"http:\/\/sashegyi.hu\/index.php?rest_route=\/wp\/v2\/pages\/23","targetHints":{"allow":["GET"]}}],"collection":[{"href":"http:\/\/sashegyi.hu\/index.php?rest_route=\/wp\/v2\/pages"}],"about":[{"href":"http:\/\/sashegyi.hu\/index.php?rest_route=\/wp\/v2\/types\/page"}],"author":[{"embeddable":true,"href":"http:\/\/sashegyi.hu\/index.php?rest_route=\/wp\/v2\/users\/2"}],"replies":[{"embeddable":true,"href":"http:\/\/sashegyi.hu\/index.php?rest_route=%2Fwp%2Fv2%2Fcomments&post=23"}],"version-history":[{"count":1,"href":"http:\/\/sashegyi.hu\/index.php?rest_route=\/wp\/v2\/pages\/23\/revisions"}],"predecessor-version":[{"id":24,"href":"http:\/\/sashegyi.hu\/index.php?rest_route=\/wp\/v2\/pages\/23\/revisions\/24"}],"wp:attachment":[{"href":"http:\/\/sashegyi.hu\/index.php?rest_route=%2Fwp%2Fv2%2Fmedia&parent=23"}],"curies":[{"name":"wp","href":"https:\/\/api.w.org\/{rel}","templated":true}]}}