{"id":14,"date":"2025-04-15T08:38:40","date_gmt":"2025-04-15T08:38:40","guid":{"rendered":"http:\/\/sashegyi.hu\/go\/?page_id=14"},"modified":"2025-06-14T16:14:02","modified_gmt":"2025-06-14T14:14:02","slug":"bemutatkozas","status":"publish","type":"page","link":"http:\/\/sashegyi.hu\/?page_id=14","title":{"rendered":"Bemutatkoz\u00e1s"},"content":{"rendered":"\n<p class=\"has-text-align-right\"><sup>\u201eSzeresd ezt a f\u00f6ldet.\u201d<\/sup><br><sup>Sashegyi S\u00e1ndor<\/sup><\/p>\n\n\n<div class=\"wp-block-image\">\n<figure class=\"alignright size-full\"><img loading=\"lazy\" decoding=\"async\" width=\"480\" height=\"307\" src=\"http:\/\/sashegyi.hu\/wp-content\/uploads\/2025\/06\/suli.jpg\" alt=\"\" class=\"wp-image-665\" srcset=\"http:\/\/sashegyi.hu\/wp-content\/uploads\/2025\/06\/suli.jpg 480w, http:\/\/sashegyi.hu\/wp-content\/uploads\/2025\/06\/suli-300x192.jpg 300w\" sizes=\"auto, (max-width: 480px) 100vw, 480px\" \/><\/figure><\/div>\n\n\n<p>Pom\u00e1zon az \u00e1llami n\u00e9piskola \u00e9p\u00fclet\u00e9t 1901 nyar\u00e1n kezdt\u00e9k el \u00e9p\u00edteni. A h\u00e9t tantermes iskol\u00e1ban szeptember 15-\u00e9n m\u00e1r megkezdt\u00e9k a tan\u00edt\u00e1st. A tan\u00e9vben 429 tanul\u00f3 iratkozott be az iskol\u00e1ba, \u00e9s hat tanul\u00f3csoportban foglalkoztak a di\u00e1kokkal. A tantest\u00fclet hat f\u0151b\u0151l \u00e1llt. 1903-ban a tanul\u00f3i l\u00e9tsz\u00e1m jelent\u0151sen megn\u0151tt, 461 f\u0151. Az akkori I. sz. \u00c1ltal\u00e1nos Iskola, 1964-t\u0151l \u00c1ltal\u00e1nos Iskola \u00e9s Gimn\u00e1zium, Pom\u00e1z n\u00e9ven m\u0171k\u00f6d\u00f6tt, a k\u00f6rnyez\u0151 telep\u00fcl\u00e9sekr\u0151l (Csob\u00e1nka, Pilisszentkereszt) is ide ir\u00e1ny\u00edtott\u00e1k a gimn\u00e1ziumba jelentkez\u0151ket. A M\u00e1ty\u00e1s kir\u00e1ly utcai iskola elk\u00e9sz\u00fclte ut\u00e1n a m\u00e1sik k\u00e9t iskol\u00e1nak \u00f6sszevon\u00e1s\u00e1t tervezt\u00e9k. Az 1981\/82-es tan\u00e9vt\u0151l a Beniczky utcai iskola az als\u00f3, az Iskola utcai iskola \u00e9p\u00fclete a fels\u0151 tagozatosoknak adott helyet. 1990-ben a k\u00e9t iskola sz\u00e9tv\u00e1lt, \u0151sszel d\u00f6nt\u00e9s sz\u00fcletett a Sashegyi S\u00e1ndor n\u00e9v felv\u00e9tel\u00e9r\u0151l, 1991. m\u00e1rciusban ker\u00fclt sor a n\u00e9vad\u00f3 \u00fcnneps\u00e9gre. Az iskola nemr\u00e9g \u00fcnnepelte fenn\u00e1ll\u00e1s\u00e1nak 100. \u00e9vfordul\u00f3j\u00e1t.<\/p>\n\n\n\n<p>Int\u00e9zm\u00e9ny\u00fcnkben k\u00f6zel 600 di\u00e1k tanul. Az \u00e1ltal\u00e1nos iskolai k\u00e9pz\u00e9s mellett 2006 \u00f3ta k\u00f6z\u00e9piskolai k\u00e9pz\u00e9s is folyik. Ekkor egy PHARE-p\u00e1ly\u00e1zatnak k\u00f6sz\u00f6nhet\u0151en iskol\u00e1nk \u00e9p\u00fclet\u00e9t teljesen fel\u00faj\u00edtott\u00e1k, \u00e9s egy szinttel megemelt\u00e9k.<\/p>\n\n\n\n<p>Alap\u00edt\u00f3 okiratunk alapj\u00e1n v\u00e1llaljuk a saj\u00e1tos nevel\u00e9si ig\u00e9ny\u0171 gyerekek integr\u00e1lt oktat\u00e1s\u00e1t az \u00e1ltal\u00e1nos \u00e9s a k\u00f6z\u00e9piskol\u00e1ban egyar\u00e1nt. A szak\u00e9rt\u0151i pap\u00edrral rendelkez\u0151 tanul\u00f3k fejleszt\u00e9s\u00e9t gy\u00f3gypedag\u00f3gusaink biztos\u00edtj\u00e1k.<\/p>\n\n\n\n<p>A pedag\u00f3giai programunkban is megjelen\u0151 specialit\u00e1sunk els\u0151 oszt\u00e1lyt\u00f3l a sakkoktat\u00e1s, kiemelten a m\u0171v\u00e9szeti- illetve az angol nyelv oktat\u00e1sa is, mely ut\u00f3bbit negyedik oszt\u00e1lyt\u00f3l \u00e9vfolyamonk\u00e9nti h\u00e1rmas csoportbont\u00e1sban biztos\u00edtjuk. Az angol mellett a technika, az informatika \u00e9s a matematika tant\u00e1rgyat is bontott csoportokban oktatjuk lehet\u0151s\u00e9geinkhez m\u00e9rten.<\/p>\n\n\n\n<p>Int\u00e9zm\u00e9ny\u00fcnkben \u00f6n\u00e1ll\u00f3 k\u00f6nyvt\u00e1r seg\u00edti tanul\u00f3ink felk\u00e9sz\u00fcl\u00e9s\u00e9t. Informatikaterm\u00fcnk\u00f6n k\u00edv\u00fcl a k\u00f6z\u00e9piskolai termeinkben r\u00f6gz\u00edtett projektorok \u00e9s sz\u00e1m\u00edt\u00f3g\u00e9pek biztos\u00edtj\u00e1k a korszer\u0171 oktat\u00e1s lehet\u0151s\u00e9g\u00e9t.<\/p>\n\n\n\n<p>Hagyom\u00e1nyaink k\u00f6z\u00e9 tartozik az adventi \u00e9s a tavaszi j\u00f3t\u00e9konys\u00e1gi g\u00e1l\u00e1nk, melyeken tan\u00edtv\u00e1nyaink l\u00e9pnek fel. Kar\u00e1csony \u00e9s h\u00fasv\u00e9t el\u0151tt k\u00e9zm\u0171ves j\u00e1tsz\u00f3h\u00e1zat szervez\u00fcnk tan\u00edtv\u00e1nyainknak. \u00c9v v\u00e9g\u00e9n pedig a Sashegyi nap jelent k\u00fcl\u00f6nleges esem\u00e9nyt a gyerekeknek. A tan\u00e9v sor\u00e1n b\u00e1rmely ter\u00fcleten kiemelked\u0151 eredm\u00e9nyt el\u00e9rt tan\u00edtv\u00e1nyainknak \u00e9v v\u00e9g\u00e9n jutalomnapot tartunk, \u00edgy k\u00f6sz\u00f6nve meg nekik iskol\u00e1nk h\u00edrnev\u00e9nek \u00f6regb\u00edt\u00e9s\u00e9t.<\/p>\n\n\n\n<p>A tan\u00e9v sor\u00e1n sok iskolai szakt\u00e1rgyi versenyt szervez\u00fcnk. Minden \u00e9vben eredm\u00e9nyesen szerepel\u00fcnk a v\u00e1rosi versmond\u00f3 versenyen, illetve az \u00e1ltalunk szervezett v\u00e1rosi n\u00e9pdal\u00e9nekl\u00e9si versenyen is. \u00c9vtizedek \u00f3ta mi v\u00e1llaljuk a ter\u00fcleti\/tanker\u00fcleti Sz\u00e9p magyar besz\u00e9d verseny rendez\u00e9s\u00e9t. \u00c9vek \u00f3ta febru\u00e1rban nagy szeretettel v\u00e1rjuk a tanker\u00fclet 7.-8. oszt\u00e1lyos di\u00e1kjait rajzverseny\u00fcnkre.<\/p>\n\n\n\n<p>A tehets\u00e9ggondoz\u00e1s mellett nagy hangs\u00falyt fektet\u00fcnk a felz\u00e1rk\u00f3ztat\u00e1sra, a lemarad\u00f3 di\u00e1kok korrepet\u00e1l\u00e1s\u00e1ra.<\/p>\n\n\n\n<h2 class=\"wp-block-heading\">Sashegyi S\u00e1ndor<\/h2>\n\n\n<div class=\"wp-block-image\">\n<figure class=\"alignleft size-full\"><img loading=\"lazy\" decoding=\"async\" width=\"274\" height=\"391\" src=\"http:\/\/sashegyi.hu\/wp-content\/uploads\/2025\/06\/sashegyi_sandor.jpg\" alt=\"\" class=\"wp-image-666\" srcset=\"http:\/\/sashegyi.hu\/wp-content\/uploads\/2025\/06\/sashegyi_sandor.jpg 274w, http:\/\/sashegyi.hu\/wp-content\/uploads\/2025\/06\/sashegyi_sandor-210x300.jpg 210w\" sizes=\"auto, (max-width: 274px) 100vw, 274px\" \/><\/figure><\/div>\n\n\n<p>Sashegyi S\u00e1ndor, 1900-ban Budapesten sz\u00fcletett, pom\u00e1zi autodidakta r\u00e9g\u00e9sz. N\u00e9gy nyelven besz\u00e9lt, gyermekkor\u00e1t\u00f3l fogva \u00e9rdekl\u0151d\u00f6tt a t\u00f6rt\u00e9nelmi m\u00falt ir\u00e1nt. H\u00e9t \u00e9ves kor\u00e1ban egy, a Holdvil\u00e1g\u00e1rokba tett csal\u00e1di kir\u00e1ndul\u00e1s sor\u00e1n a betemetett sziklafal el\u0151tt \u00edgy ki\u00e1ltott fel: &#8222;\u00c9n \u00e9letre h\u00edvlak!&#8221;. \u00c9let\u00e9t a r\u00e9gm\u00falt eml\u00e9keinek felt\u00e1r\u00e1s\u00e1nak szentelte, valamennyi kutat\u00e1sa k\u00f6z\u00fcl a legt\u00f6bb figyelmet a Holdvil\u00e1g\u00e1rok titkainak felder\u00edt\u00e9se kapta. Kora-k\u00f6z\u00e9pkori kr\u00f3nik\u00e1k le\u00edr\u00e1saira alapozva felt\u00e9telezte, hogy \u00c1rp\u00e1d fejeldelem s\u00edrkamr\u00e1j\u00e1t rejti a nagy faragott sziklafal t\u00e9rs\u00e9ge. R\u00e9g\u00e9szeti kutat\u00e1sait a m\u00e1sodik vil\u00e1gh\u00e1bor\u00fa \u00e9s 1958. j\u00fanius 30-\u00e1n bek\u00f6vetkezett hal\u00e1la miatt nem tudta befejezni. Az 1960-ban ind\u00edtott \u00e1sat\u00e1sok igazolt\u00e1k, hogy a Holdvil\u00e1g-\u00e1rok hely\u00e9n valaha k\u00f6z\u00e9pkori telep\u00fcl\u00e9s \u00e1llott. \u00c1rp\u00e1d fejedelem s\u00edrkamr\u00e1j\u00e1nak hely\u00e9t m\u00e1ig rejt\u00e9ly \u00f6vezi, mert a r\u00e9g\u00e9szeti kutat\u00e1sokat az 1960-as \u00e9vekben nem tudt\u00e1k folyatni \u00e9s az\u00f3ta sem siker\u00fclt minden k\u00e9ts\u00e9get kiz\u00e1r\u00f3an igazolni Sashegyi sejt\u00e9seit.<\/p>\n\n\n\n<p>Pom\u00e1z V\u00e1ros \u00d6nkorm\u00e1nyzat\u00e1nak K\u00e9pvisel\u0151-test\u00fclete a r\u00e9g\u00e9szeti felt\u00e1r\u00e1sok sor\u00e1n v\u00e9gzett odaad\u00f3 f\u00e1radts\u00e1gos munk\u00e1j\u00e1nak elismer\u00e9sek\u00e9nt Pom\u00e1z Posztumusz D\u00edszpolg\u00e1ra kit\u00fcntet\u00e9st adom\u00e1nyozott neki!<\/p>\n","protected":false},"excerpt":{"rendered":"<p>\u201eSzeresd ezt a f\u00f6ldet.\u201dSashegyi S\u00e1ndor Pom\u00e1zon az \u00e1llami n\u00e9piskola \u00e9p\u00fclet\u00e9t 1901 nyar\u00e1n kezdt\u00e9k el \u00e9p\u00edteni. A h\u00e9t tantermes iskol\u00e1ban szeptember 15-\u00e9n m\u00e1r megkezdt\u00e9k a tan\u00edt\u00e1st. A tan\u00e9vben 429 tanul\u00f3 iratkozott be az iskol\u00e1ba, \u00e9s hat tanul\u00f3csoportban foglalkoztak a di\u00e1kokkal. A tantest\u00fclet hat f\u0151b\u0151l \u00e1llt. 1903-ban a tanul\u00f3i l\u00e9tsz\u00e1m jelent\u0151sen megn\u0151tt, 461 f\u0151. Az akkori I. [&hellip;]<\/p>\n","protected":false},"author":2,"featured_media":0,"parent":0,"menu_order":0,"comment_status":"closed","ping_status":"closed","template":"","meta":{"footnotes":""},"class_list":["post-14","page","type-page","status-publish","hentry"],"_links":{"self":[{"href":"http:\/\/sashegyi.hu\/index.php?rest_route=\/wp\/v2\/pages\/14","targetHints":{"allow":["GET"]}}],"collection":[{"href":"http:\/\/sashegyi.hu\/index.php?rest_route=\/wp\/v2\/pages"}],"about":[{"href":"http:\/\/sashegyi.hu\/index.php?rest_route=\/wp\/v2\/types\/page"}],"author":[{"embeddable":true,"href":"http:\/\/sashegyi.hu\/index.php?rest_route=\/wp\/v2\/users\/2"}],"replies":[{"embeddable":true,"href":"http:\/\/sashegyi.hu\/index.php?rest_route=%2Fwp%2Fv2%2Fcomments&post=14"}],"version-history":[{"count":2,"href":"http:\/\/sashegyi.hu\/index.php?rest_route=\/wp\/v2\/pages\/14\/revisions"}],"predecessor-version":[{"id":667,"href":"http:\/\/sashegyi.hu\/index.php?rest_route=\/wp\/v2\/pages\/14\/revisions\/667"}],"wp:attachment":[{"href":"http:\/\/sashegyi.hu\/index.php?rest_route=%2Fwp%2Fv2%2Fmedia&parent=14"}],"curies":[{"name":"wp","href":"https:\/\/api.w.org\/{rel}","templated":true}]}}